{"id":15853,"date":"2023-11-03T23:39:21","date_gmt":"2023-11-03T22:39:21","guid":{"rendered":"http:\/\/innocentiemangonipiante.it\/bambusa-phyllostachys-aurea\/"},"modified":"2023-11-09T09:01:00","modified_gmt":"2023-11-09T08:01:00","slug":"bambusa-phyllostachys-aurea","status":"publish","type":"product","link":"https:\/\/innocentiemangonipiante.it\/es\/bambusa-phyllostachys-aurea\/","title":{"rendered":"BAMBUSA Phyllostachys aurea"},"content":{"rendered":"<p>Crecimiento medio. Las hojas son estrechas y lanceoladas, el color varia de verde a verde claro casi amarillo y tienen una longitud de hasta 15 cm. Los troncos son erguidos, acanalados. En la parte inferior presentan hinchazones por debajo de cada nudo. Los nudos m\u00e1s bajos son asim\u00e9tricos, a menudo torcidos y muy pr\u00f3ximos.<\/p>\n","protected":false},"excerpt":{"rendered":"<p>Crecimiento medio. Las hojas son estrechas y lanceoladas, el color varia de verde a verde claro casi amarillo y tienen una longitud de hasta 15 cm. Los troncos son erguidos, acanalados. En la parte inferior presentan hinchazones por debajo de cada nudo. Los nudos m\u00e1s bajos son asim\u00e9tricos, a menudo torcidos y muy pr\u00f3ximos.<\/p>\n","protected":false},"featured_media":20692,"template":"","meta":{"_acf_changed":false},"product_brand":[],"product_cat":[8822],"product_tag":[10899,8494],"class_list":{"0":"post-15853","1":"product","2":"type-product","3":"status-publish","4":"has-post-thumbnail","6":"product_cat-bambu-es","7":"product_tag-natural-es","8":"product_tag-jardinera","9":"pa_altezza-massima-800-es","10":"pa_altezza-massima-12-metros","11":"pa_condizionamento-clt-es","12":"pa_famiglia-graminaceae-es","13":"pa_genere-bambusa-es","14":"pa_origine-asia-oriental","15":"pa_portamento-de-columna-es","16":"pa_resistenza-climatica-muy-elevada","17":"pa_resistenza-del-suolo-resistente-a-la-humedad","18":"pa_utilizzo-parques","19":"pa_utilizzo-pequenos-jardines","20":"pa_utilizzo-setos","22":"first","23":"instock","24":"purchasable","25":"product-type-simple"},"acf":[],"_links":{"self":[{"href":"https:\/\/innocentiemangonipiante.it\/es\/wp-json\/wp\/v2\/product\/15853","targetHints":{"allow":["GET"]}}],"collection":[{"href":"https:\/\/innocentiemangonipiante.it\/es\/wp-json\/wp\/v2\/product"}],"about":[{"href":"https:\/\/innocentiemangonipiante.it\/es\/wp-json\/wp\/v2\/types\/product"}],"wp:featuredmedia":[{"embeddable":true,"href":"https:\/\/innocentiemangonipiante.it\/es\/wp-json\/wp\/v2\/media\/20692"}],"wp:attachment":[{"href":"https:\/\/innocentiemangonipiante.it\/es\/wp-json\/wp\/v2\/media?parent=15853"}],"wp:term":[{"taxonomy":"product_brand","embeddable":true,"href":"https:\/\/innocentiemangonipiante.it\/es\/wp-json\/wp\/v2\/product_brand?post=15853"},{"taxonomy":"product_cat","embeddable":true,"href":"https:\/\/innocentiemangonipiante.it\/es\/wp-json\/wp\/v2\/product_cat?post=15853"},{"taxonomy":"product_tag","embeddable":true,"href":"https:\/\/innocentiemangonipiante.it\/es\/wp-json\/wp\/v2\/product_tag?post=15853"}],"curies":[{"name":"wp","href":"https:\/\/api.w.org\/{rel}","templated":true}]}}