{"id":15854,"date":"2023-11-03T23:39:38","date_gmt":"2023-11-03T22:39:38","guid":{"rendered":"http:\/\/innocentiemangonipiante.it\/bambusa-phyllostachys-aureosulcata-spectabilis\/"},"modified":"2023-11-09T09:01:20","modified_gmt":"2023-11-09T08:01:20","slug":"bambusa-phyllostachys-aureosulcata-spectabilis","status":"publish","type":"product","link":"https:\/\/innocentiemangonipiante.it\/es\/bambusa-phyllostachys-aureosulcata-spectabilis\/","title":{"rendered":"BAMBUSA Phyllostachys aureosulcata &#8216;Spectabilis&#8217;"},"content":{"rendered":"<p>Desarrollo medio. Tallos de color amarillo oro interrumpido por un irregular y alternado estriado verde. Las ca\u00f1as j\u00f3venes, en primavera, pueden asumir una preciosa coloraci\u00f3n roja (p\u00farpura si est\u00e1n expuestas al sol). Especialmente resistente al fr\u00edo (-25\u00ba).<\/p>\n","protected":false},"excerpt":{"rendered":"<p>Desarrollo medio. Tallos de color amarillo oro interrumpido por un irregular y alternado estriado verde. Las ca\u00f1as j\u00f3venes, en primavera, pueden asumir una preciosa coloraci\u00f3n roja (p\u00farpura si est\u00e1n expuestas al sol). Especialmente resistente al fr\u00edo (-25\u00ba).<\/p>\n","protected":false},"featured_media":926,"template":"","meta":{"_acf_changed":false},"product_brand":[],"product_cat":[8822],"product_tag":[10899,8500],"class_list":{"0":"post-15854","1":"product","2":"type-product","3":"status-publish","4":"has-post-thumbnail","6":"product_cat-bambu-es","7":"product_tag-natural-es","8":"product_tag-multitronco-con-copa-sombrilla","9":"pa_altezza-massima-500-es","10":"pa_altezza-massima-800-es","11":"pa_condizionamento-bol","12":"pa_condizionamento-clt-es","13":"pa_famiglia-graminaceae-es","14":"pa_genere-bambusa-es","15":"pa_origine-asia-oriental","16":"pa_portamento-de-columna-es","17":"pa_resistenza-climatica-muy-elevada","18":"pa_resistenza-del-suolo-resistente-a-la-humedad","19":"pa_utilizzo-parques","20":"pa_utilizzo-pequenos-jardines","21":"pa_utilizzo-setos","23":"first","24":"instock","25":"purchasable","26":"product-type-simple"},"acf":[],"_links":{"self":[{"href":"https:\/\/innocentiemangonipiante.it\/es\/wp-json\/wp\/v2\/product\/15854","targetHints":{"allow":["GET"]}}],"collection":[{"href":"https:\/\/innocentiemangonipiante.it\/es\/wp-json\/wp\/v2\/product"}],"about":[{"href":"https:\/\/innocentiemangonipiante.it\/es\/wp-json\/wp\/v2\/types\/product"}],"wp:featuredmedia":[{"embeddable":true,"href":"https:\/\/innocentiemangonipiante.it\/es\/wp-json\/wp\/v2\/media\/926"}],"wp:attachment":[{"href":"https:\/\/innocentiemangonipiante.it\/es\/wp-json\/wp\/v2\/media?parent=15854"}],"wp:term":[{"taxonomy":"product_brand","embeddable":true,"href":"https:\/\/innocentiemangonipiante.it\/es\/wp-json\/wp\/v2\/product_brand?post=15854"},{"taxonomy":"product_cat","embeddable":true,"href":"https:\/\/innocentiemangonipiante.it\/es\/wp-json\/wp\/v2\/product_cat?post=15854"},{"taxonomy":"product_tag","embeddable":true,"href":"https:\/\/innocentiemangonipiante.it\/es\/wp-json\/wp\/v2\/product_tag?post=15854"}],"curies":[{"name":"wp","href":"https:\/\/api.w.org\/{rel}","templated":true}]}}