{"id":15863,"date":"2023-11-03T23:39:15","date_gmt":"2023-11-03T22:39:15","guid":{"rendered":"http:\/\/innocentiemangonipiante.it\/bambusa-fargesia-scabrida-asian-wonder\/"},"modified":"2023-11-09T09:00:54","modified_gmt":"2023-11-09T08:00:54","slug":"bambusa-fargesia-scabrida-asian-wonder","status":"publish","type":"product","link":"https:\/\/innocentiemangonipiante.it\/es\/bambusa-fargesia-scabrida-asian-wonder\/","title":{"rendered":"BAMBUSA fargesia scabrida &#8216;Asian Wonder&#8217;"},"content":{"rendered":"<p>No invasiva. Ca\u00f1as verdes con reflejos rojo-violetas. Hojas verde oscuro. Porte erecto y aspecto muy elegante. Apropiada para cultivo en maceta, como ejemplar en peque\u00f1o jard\u00edn y tambi\u00e9n como planta de seto. Muy r\u00fastico.<\/p>\n","protected":false},"excerpt":{"rendered":"<p>No invasiva. Ca\u00f1as verdes con reflejos rojo-violetas. Hojas verde oscuro. Porte erecto y aspecto muy elegante. Apropiada para cultivo en maceta, como ejemplar en peque\u00f1o jard\u00edn y tambi\u00e9n como planta de seto. Muy r\u00fastico.<\/p>\n","protected":false},"featured_media":913,"template":"","meta":{"_acf_changed":false},"product_brand":[],"product_cat":[8822],"product_tag":[10899],"class_list":{"0":"post-15863","1":"product","2":"type-product","3":"status-publish","4":"has-post-thumbnail","6":"product_cat-bambu-es","7":"product_tag-natural-es","8":"pa_altezza-massima-200-es","9":"pa_altezza-massima-300-es","10":"pa_condizionamento-clt-es","11":"pa_famiglia-graminaceae-es","12":"pa_genere-bambusa-es","13":"pa_origine-cina","14":"pa_portamento-de-columna-es","15":"pa_resistenza-climatica-muy-elevada","16":"pa_utilizzo-balcones","17":"pa_utilizzo-pequenos-jardines","18":"pa_utilizzo-setos","20":"first","21":"instock","22":"purchasable","23":"product-type-simple"},"acf":[],"_links":{"self":[{"href":"https:\/\/innocentiemangonipiante.it\/es\/wp-json\/wp\/v2\/product\/15863","targetHints":{"allow":["GET"]}}],"collection":[{"href":"https:\/\/innocentiemangonipiante.it\/es\/wp-json\/wp\/v2\/product"}],"about":[{"href":"https:\/\/innocentiemangonipiante.it\/es\/wp-json\/wp\/v2\/types\/product"}],"wp:featuredmedia":[{"embeddable":true,"href":"https:\/\/innocentiemangonipiante.it\/es\/wp-json\/wp\/v2\/media\/913"}],"wp:attachment":[{"href":"https:\/\/innocentiemangonipiante.it\/es\/wp-json\/wp\/v2\/media?parent=15863"}],"wp:term":[{"taxonomy":"product_brand","embeddable":true,"href":"https:\/\/innocentiemangonipiante.it\/es\/wp-json\/wp\/v2\/product_brand?post=15863"},{"taxonomy":"product_cat","embeddable":true,"href":"https:\/\/innocentiemangonipiante.it\/es\/wp-json\/wp\/v2\/product_cat?post=15863"},{"taxonomy":"product_tag","embeddable":true,"href":"https:\/\/innocentiemangonipiante.it\/es\/wp-json\/wp\/v2\/product_tag?post=15863"}],"curies":[{"name":"wp","href":"https:\/\/api.w.org\/{rel}","templated":true}]}}