{"id":15864,"date":"2023-11-03T23:37:10","date_gmt":"2023-11-03T22:37:10","guid":{"rendered":"http:\/\/innocentiemangonipiante.it\/bambusa-fargesia-angustissima\/"},"modified":"2023-11-09T08:58:31","modified_gmt":"2023-11-09T07:58:31","slug":"bambusa-fargesia-angustissima","status":"publish","type":"product","link":"https:\/\/innocentiemangonipiante.it\/es\/bambusa-fargesia-angustissima\/","title":{"rendered":"BAMBUSA fargesia angustissima"},"content":{"rendered":"<p>Al contrario de otras variedades de bamb\u00fa, fargesia angustissima no es invasiva. Excelente selecci\u00f3n de aspecto \u2018grafico\u2019 por su porte erecto y su ramificaci\u00f3n densa. Se trata de la selecci\u00f3n m\u00e1s alta de fargesia. Se aconseja una ubicaci\u00f3n protegida del viento fr\u00edo o dominante.<\/p>\n","protected":false},"excerpt":{"rendered":"<p>Al contrario de otras variedades de bamb\u00fa, fargesia angustissima no es invasiva. Excelente selecci\u00f3n de aspecto \u2018grafico\u2019 por su porte erecto y su ramificaci\u00f3n densa. Se trata de la selecci\u00f3n m\u00e1s alta de fargesia. Se aconseja una ubicaci\u00f3n protegida del viento fr\u00edo o dominante.<\/p>\n","protected":false},"featured_media":857,"template":"","meta":{"_acf_changed":false},"product_brand":[],"product_cat":[8822],"product_tag":[10899,8494],"class_list":{"0":"post-15864","1":"product","2":"type-product","3":"status-publish","4":"has-post-thumbnail","6":"product_cat-bambu-es","7":"product_tag-natural-es","8":"product_tag-jardinera","9":"pa_altezza-massima-150-es","10":"pa_altezza-massima-200-es","11":"pa_condizionamento-clt-es","12":"pa_famiglia-poaceae-es","13":"pa_genere-bambusa-es","14":"pa_origine-cina","15":"pa_portamento-de-columna-es","16":"pa_resistenza-climatica-muy-elevada","17":"pa_utilizzo-parques","18":"pa_utilizzo-pequenos-jardines","19":"pa_utilizzo-setos","21":"first","22":"instock","23":"purchasable","24":"product-type-simple"},"acf":[],"_links":{"self":[{"href":"https:\/\/innocentiemangonipiante.it\/es\/wp-json\/wp\/v2\/product\/15864","targetHints":{"allow":["GET"]}}],"collection":[{"href":"https:\/\/innocentiemangonipiante.it\/es\/wp-json\/wp\/v2\/product"}],"about":[{"href":"https:\/\/innocentiemangonipiante.it\/es\/wp-json\/wp\/v2\/types\/product"}],"wp:featuredmedia":[{"embeddable":true,"href":"https:\/\/innocentiemangonipiante.it\/es\/wp-json\/wp\/v2\/media\/857"}],"wp:attachment":[{"href":"https:\/\/innocentiemangonipiante.it\/es\/wp-json\/wp\/v2\/media?parent=15864"}],"wp:term":[{"taxonomy":"product_brand","embeddable":true,"href":"https:\/\/innocentiemangonipiante.it\/es\/wp-json\/wp\/v2\/product_brand?post=15864"},{"taxonomy":"product_cat","embeddable":true,"href":"https:\/\/innocentiemangonipiante.it\/es\/wp-json\/wp\/v2\/product_cat?post=15864"},{"taxonomy":"product_tag","embeddable":true,"href":"https:\/\/innocentiemangonipiante.it\/es\/wp-json\/wp\/v2\/product_tag?post=15864"}],"curies":[{"name":"wp","href":"https:\/\/api.w.org\/{rel}","templated":true}]}}