{"id":15870,"date":"2023-11-03T23:41:35","date_gmt":"2023-11-03T22:41:35","guid":{"rendered":"http:\/\/innocentiemangonipiante.it\/berberis-thunbergii-atropurpurea\/"},"modified":"2023-11-09T09:03:30","modified_gmt":"2023-11-09T08:03:30","slug":"berberis-thunbergii-atropurpurea","status":"publish","type":"product","link":"https:\/\/innocentiemangonipiante.it\/es\/berberis-thunbergii-atropurpurea\/","title":{"rendered":"BERBERIS thunbergii &#8216;Atropurpurea&#8217;"},"content":{"rendered":"<p>Hoja rojo p\u00farpura oscuro o bronce-p\u00farpura que vuelve rojo en oto\u00f1o. Flor amarillo en primavera.<\/p>\n","protected":false},"excerpt":{"rendered":"<p>Hoja rojo p\u00farpura oscuro o bronce-p\u00farpura que vuelve rojo en oto\u00f1o. Flor amarillo en primavera.<\/p>\n","protected":false},"featured_media":1011,"template":"","meta":{"_acf_changed":false},"product_brand":[],"product_cat":[8815],"product_tag":[10899],"class_list":{"0":"post-15870","1":"product","2":"type-product","3":"status-publish","4":"has-post-thumbnail","6":"product_cat-arboles-y-arbustos-persistentes","7":"product_tag-natural-es","8":"pa_altezza-massima-200-es","9":"pa_altezza-massima-300-es","10":"pa_colore-delle-foglie-rojas","11":"pa_colore-fioritura-amarillo","12":"pa_condizionamento-clt-es","13":"pa_famiglia-berberidaceae-es","14":"pa_genere-berberis-es","15":"pa_inquinamento-resistente-al-smog","16":"pa_origine-japon-es","17":"pa_periodo-fioritura-abril","18":"pa_periodo-fioritura-marzo-es","19":"pa_periodo-fioritura-mayo","20":"pa_portamento-arrotondato-es","21":"pa_resistenza-climatica-muy-elevada","22":"pa_resistenza-del-suolo-resistente-a-los-suelos-calcareos","23":"pa_resistenza-del-suolo-resistente-a-los-suelos-secos","24":"pa_salinita-resistente-alla-salsedine-es","25":"pa_utilizzo-parques","26":"pa_utilizzo-pequenos-jardines","28":"first","29":"instock","30":"purchasable","31":"product-type-simple"},"acf":[],"_links":{"self":[{"href":"https:\/\/innocentiemangonipiante.it\/es\/wp-json\/wp\/v2\/product\/15870","targetHints":{"allow":["GET"]}}],"collection":[{"href":"https:\/\/innocentiemangonipiante.it\/es\/wp-json\/wp\/v2\/product"}],"about":[{"href":"https:\/\/innocentiemangonipiante.it\/es\/wp-json\/wp\/v2\/types\/product"}],"wp:featuredmedia":[{"embeddable":true,"href":"https:\/\/innocentiemangonipiante.it\/es\/wp-json\/wp\/v2\/media\/1011"}],"wp:attachment":[{"href":"https:\/\/innocentiemangonipiante.it\/es\/wp-json\/wp\/v2\/media?parent=15870"}],"wp:term":[{"taxonomy":"product_brand","embeddable":true,"href":"https:\/\/innocentiemangonipiante.it\/es\/wp-json\/wp\/v2\/product_brand?post=15870"},{"taxonomy":"product_cat","embeddable":true,"href":"https:\/\/innocentiemangonipiante.it\/es\/wp-json\/wp\/v2\/product_cat?post=15870"},{"taxonomy":"product_tag","embeddable":true,"href":"https:\/\/innocentiemangonipiante.it\/es\/wp-json\/wp\/v2\/product_tag?post=15870"}],"curies":[{"name":"wp","href":"https:\/\/api.w.org\/{rel}","templated":true}]}}