{"id":15871,"date":"2023-11-03T23:41:29","date_gmt":"2023-11-03T22:41:29","guid":{"rendered":"http:\/\/innocentiemangonipiante.it\/berberis-thunbergii-atropurpurea-nana\/"},"modified":"2023-11-09T09:03:25","modified_gmt":"2023-11-09T08:03:25","slug":"berberis-thunbergii-atropurpurea-nana","status":"publish","type":"product","link":"https:\/\/innocentiemangonipiante.it\/es\/berberis-thunbergii-atropurpurea-nana\/","title":{"rendered":"BERBERIS thunbergii &#8216;Atropurpurea Nana&#8217;"},"content":{"rendered":"<p>Arbusto caduco de follaje rojo p\u00farpura oscuro o bronce-p\u00farpura que cambia a rojo en oto\u00f1o. Porte compacto.<\/p>\n","protected":false},"excerpt":{"rendered":"<p>Arbusto caduco de follaje rojo p\u00farpura oscuro o bronce-p\u00farpura que cambia a rojo en oto\u00f1o. Porte compacto.<\/p>\n","protected":false},"featured_media":1005,"template":"","meta":{"_acf_changed":false},"product_brand":[],"product_cat":[8815],"product_tag":[10899],"class_list":{"0":"post-15871","1":"product","2":"type-product","3":"status-publish","4":"has-post-thumbnail","6":"product_cat-arboles-y-arbustos-persistentes","7":"product_tag-natural-es","8":"pa_altezza-massima-0_50-metros","9":"pa_altezza-massima-0_75-metros","10":"pa_colore-delle-foglie-rojas","11":"pa_colore-fioritura-amarillo","12":"pa_condizionamento-clt-es","13":"pa_condizionamento-vs-es","14":"pa_famiglia-berberidaceae-es","15":"pa_genere-berberis-es","16":"pa_inquinamento-resistente-al-smog","17":"pa_origine-asia-oriental","18":"pa_periodo-fioritura-junio","19":"pa_periodo-fioritura-mayo","20":"pa_portamento-arrotondato-es","21":"pa_resistenza-climatica-muy-elevada","22":"pa_resistenza-del-suolo-resistente-a-los-suelos-calcareos","23":"pa_resistenza-del-suolo-resistente-a-los-suelos-secos","24":"pa_utilizzo-balcones","25":"pa_utilizzo-pequenos-jardines","27":"first","28":"instock","29":"purchasable","30":"product-type-simple"},"acf":[],"_links":{"self":[{"href":"https:\/\/innocentiemangonipiante.it\/es\/wp-json\/wp\/v2\/product\/15871","targetHints":{"allow":["GET"]}}],"collection":[{"href":"https:\/\/innocentiemangonipiante.it\/es\/wp-json\/wp\/v2\/product"}],"about":[{"href":"https:\/\/innocentiemangonipiante.it\/es\/wp-json\/wp\/v2\/types\/product"}],"wp:featuredmedia":[{"embeddable":true,"href":"https:\/\/innocentiemangonipiante.it\/es\/wp-json\/wp\/v2\/media\/1005"}],"wp:attachment":[{"href":"https:\/\/innocentiemangonipiante.it\/es\/wp-json\/wp\/v2\/media?parent=15871"}],"wp:term":[{"taxonomy":"product_brand","embeddable":true,"href":"https:\/\/innocentiemangonipiante.it\/es\/wp-json\/wp\/v2\/product_brand?post=15871"},{"taxonomy":"product_cat","embeddable":true,"href":"https:\/\/innocentiemangonipiante.it\/es\/wp-json\/wp\/v2\/product_cat?post=15871"},{"taxonomy":"product_tag","embeddable":true,"href":"https:\/\/innocentiemangonipiante.it\/es\/wp-json\/wp\/v2\/product_tag?post=15871"}],"curies":[{"name":"wp","href":"https:\/\/api.w.org\/{rel}","templated":true}]}}