{"id":15872,"date":"2023-11-03T23:41:22","date_gmt":"2023-11-03T22:41:22","guid":{"rendered":"http:\/\/innocentiemangonipiante.it\/berberis-thunbergii-admiration\/"},"modified":"2023-11-09T09:03:20","modified_gmt":"2023-11-09T08:03:20","slug":"berberis-thunbergii-admiration","status":"publish","type":"product","link":"https:\/\/innocentiemangonipiante.it\/es\/berberis-thunbergii-admiration\/","title":{"rendered":"BERBERIS thunbergii &#8216;Admiration&#8217; \u00ae"},"content":{"rendered":"<p>Peque\u00f1o arbusto caducifolio con hoja de color rojo vivo y con m\u00e1rgenes finos de color amarillo. En primavera trae flores amarillo-p\u00e1lido seguidas para bayas rojas en oto\u00f1o.<\/p>\n","protected":false},"excerpt":{"rendered":"<p>Peque\u00f1o arbusto caducifolio con hoja de color rojo vivo y con m\u00e1rgenes finos de color amarillo. En primavera trae flores amarillo-p\u00e1lido seguidas para bayas rojas en oto\u00f1o.<\/p>\n","protected":false},"featured_media":999,"template":"","meta":{"_acf_changed":false},"product_brand":[],"product_cat":[8815],"product_tag":[10899],"class_list":{"0":"post-15872","1":"product","2":"type-product","3":"status-publish","4":"has-post-thumbnail","6":"product_cat-arboles-y-arbustos-persistentes","7":"product_tag-natural-es","8":"pa_altezza-massima-0_50-metros","9":"pa_altezza-massima-0_75-metros","10":"pa_colore-delle-foglie-variegadas","11":"pa_colore-fioritura-amarillo","12":"pa_condizionamento-clt-es","13":"pa_famiglia-berberidaceae-es","14":"pa_genere-berberis-es","15":"pa_inquinamento-resistente-al-smog","16":"pa_origine-origine-delle-piante-u-s-a-es","17":"pa_periodo-fioritura-abril","18":"pa_periodo-fioritura-marzo-es","19":"pa_periodo-fioritura-mayo","20":"pa_periodo-fruttificazione-noviembre","21":"pa_periodo-fruttificazione-octubre","22":"pa_portamento-arrotondato-es","23":"pa_resistenza-climatica-muy-elevada","24":"pa_resistenza-del-suolo-resistente-a-los-suelos-calcareos","25":"pa_resistenza-del-suolo-resistente-a-los-suelos-secos","26":"pa_utilizzo-balcones","27":"pa_utilizzo-pequenos-jardines","29":"first","30":"instock","31":"purchasable","32":"product-type-simple"},"acf":[],"_links":{"self":[{"href":"https:\/\/innocentiemangonipiante.it\/es\/wp-json\/wp\/v2\/product\/15872","targetHints":{"allow":["GET"]}}],"collection":[{"href":"https:\/\/innocentiemangonipiante.it\/es\/wp-json\/wp\/v2\/product"}],"about":[{"href":"https:\/\/innocentiemangonipiante.it\/es\/wp-json\/wp\/v2\/types\/product"}],"wp:featuredmedia":[{"embeddable":true,"href":"https:\/\/innocentiemangonipiante.it\/es\/wp-json\/wp\/v2\/media\/999"}],"wp:attachment":[{"href":"https:\/\/innocentiemangonipiante.it\/es\/wp-json\/wp\/v2\/media?parent=15872"}],"wp:term":[{"taxonomy":"product_brand","embeddable":true,"href":"https:\/\/innocentiemangonipiante.it\/es\/wp-json\/wp\/v2\/product_brand?post=15872"},{"taxonomy":"product_cat","embeddable":true,"href":"https:\/\/innocentiemangonipiante.it\/es\/wp-json\/wp\/v2\/product_cat?post=15872"},{"taxonomy":"product_tag","embeddable":true,"href":"https:\/\/innocentiemangonipiante.it\/es\/wp-json\/wp\/v2\/product_tag?post=15872"}],"curies":[{"name":"wp","href":"https:\/\/api.w.org\/{rel}","templated":true}]}}