{"id":15876,"date":"2023-11-03T23:44:34","date_gmt":"2023-11-03T22:44:34","guid":{"rendered":"http:\/\/innocentiemangonipiante.it\/betula-pendula-youngii\/"},"modified":"2023-11-09T09:07:21","modified_gmt":"2023-11-09T08:07:21","slug":"betula-pendula-youngii","status":"publish","type":"product","link":"https:\/\/innocentiemangonipiante.it\/es\/betula-pendula-youngii\/","title":{"rendered":"BETULA pendula &#8216;Youngii&#8217;"},"content":{"rendered":"<p>\u00c1rbol peque\u00f1o, caduco, de porte colgante. Con los a\u00f1os la copa toma la forma de una c\u00fapula y las hojas, de forma triangular, son de color verde y se ti\u00f1en de amarillo en oto\u00f1o.<\/p>\n","protected":false},"excerpt":{"rendered":"<p>\u00c1rbol peque\u00f1o, caduco, de porte colgante. Con los a\u00f1os la copa toma la forma de una c\u00fapula y las hojas, de forma triangular, son de color verde y se ti\u00f1en de amarillo en oto\u00f1o.<\/p>\n","protected":false},"featured_media":1086,"template":"","meta":{"_acf_changed":false},"product_brand":[],"product_cat":[8814],"product_tag":[10899,8566,8402],"class_list":{"0":"post-15876","1":"product","2":"type-product","3":"status-publish","4":"has-post-thumbnail","6":"product_cat-arboles-y-arbustos-de-hoja-caduca","7":"product_tag-natural-es","8":"product_tag-medio-tallo","9":"product_tag-tallo-alto","10":"pa_altezza-massima-500-es","11":"pa_altezza-massima-800-es","12":"pa_condizionamento-clt-es","13":"pa_condizionamento-placa","14":"pa_famiglia-betulaceae-es","15":"pa_genere-betula-es","16":"pa_inquinamento-resistente-al-smog","17":"pa_origine-inglaterra","18":"pa_portamento-piangente-es","19":"pa_resistenza-climatica-muy-elevada","20":"pa_resistenza-del-suolo-resistente-a-la-humedad","21":"pa_resistenza-del-suolo-resistente-a-los-suelos-calcareos","22":"pa_resistenza-del-suolo-resistente-a-los-suelos-secos","23":"pa_salinita-resistente-alla-salsedine-es","24":"pa_utilizzo-parques","25":"pa_utilizzo-pequenos-jardines","27":"first","28":"instock","29":"purchasable","30":"product-type-simple"},"acf":[],"_links":{"self":[{"href":"https:\/\/innocentiemangonipiante.it\/es\/wp-json\/wp\/v2\/product\/15876","targetHints":{"allow":["GET"]}}],"collection":[{"href":"https:\/\/innocentiemangonipiante.it\/es\/wp-json\/wp\/v2\/product"}],"about":[{"href":"https:\/\/innocentiemangonipiante.it\/es\/wp-json\/wp\/v2\/types\/product"}],"wp:featuredmedia":[{"embeddable":true,"href":"https:\/\/innocentiemangonipiante.it\/es\/wp-json\/wp\/v2\/media\/1086"}],"wp:attachment":[{"href":"https:\/\/innocentiemangonipiante.it\/es\/wp-json\/wp\/v2\/media?parent=15876"}],"wp:term":[{"taxonomy":"product_brand","embeddable":true,"href":"https:\/\/innocentiemangonipiante.it\/es\/wp-json\/wp\/v2\/product_brand?post=15876"},{"taxonomy":"product_cat","embeddable":true,"href":"https:\/\/innocentiemangonipiante.it\/es\/wp-json\/wp\/v2\/product_cat?post=15876"},{"taxonomy":"product_tag","embeddable":true,"href":"https:\/\/innocentiemangonipiante.it\/es\/wp-json\/wp\/v2\/product_tag?post=15876"}],"curies":[{"name":"wp","href":"https:\/\/api.w.org\/{rel}","templated":true}]}}