{"id":15879,"date":"2023-11-03T23:43:46","date_gmt":"2023-11-03T22:43:46","guid":{"rendered":"http:\/\/innocentiemangonipiante.it\/betula-nigra-dura-heat\/"},"modified":"2023-11-09T09:05:26","modified_gmt":"2023-11-09T08:05:26","slug":"betula-nigra-dura-heat","status":"publish","type":"product","link":"https:\/\/innocentiemangonipiante.it\/es\/betula-nigra-dura-heat\/","title":{"rendered":"BETULA nigra &#8216;Dura Heat&#8217; \u00ae"},"content":{"rendered":"<p>Selecci\u00f3n muy interesante por su resistencia al calor y las enfermedades. Peque\u00f1as hojas, peque\u00f1as y cori\u00e1ceas que persisten mucho tiempo sobre el \u00e1rbol. Su porte es regular y compacto. Esta nueva selecci\u00f3n es apreciada por su corteza gris marr\u00f3n claro que cuando se deshoja muestra tonos rosados.<\/p>\n","protected":false},"excerpt":{"rendered":"<p>Selecci\u00f3n muy interesante por su resistencia al calor y las enfermedades. Peque\u00f1as hojas, peque\u00f1as y cori\u00e1ceas que persisten mucho tiempo sobre el \u00e1rbol. Su porte es regular y compacto. Esta nueva selecci\u00f3n es apreciada por su corteza gris marr\u00f3n claro que cuando se deshoja muestra tonos rosados.<\/p>\n","protected":false},"featured_media":1067,"template":"","meta":{"_acf_changed":false},"product_brand":[],"product_cat":[8814],"product_tag":[10899,8598,8402],"class_list":{"0":"post-15879","1":"product","2":"type-product","3":"status-publish","4":"has-post-thumbnail","6":"product_cat-arboles-y-arbustos-de-hoja-caduca","7":"product_tag-natural-es","8":"product_tag-multitronco-es-2","9":"product_tag-tallo-alto","10":"pa_altezza-massima-800-es","11":"pa_altezza-massima-12-metros","12":"pa_condizionamento-clt-es","13":"pa_condizionamento-placa","14":"pa_famiglia-betulaceae-es","15":"pa_genere-betula-es","16":"pa_origine-origine-delle-piante-u-s-a-es","17":"pa_portamento-arrotondato-es","18":"pa_resistenza-climatica-muy-elevada","19":"pa_resistenza-del-suolo-resistente-a-la-humedad","20":"pa_utilizzo-parques","21":"pa_utilizzo-pequenos-jardines","23":"first","24":"instock","25":"purchasable","26":"product-type-simple"},"acf":[],"_links":{"self":[{"href":"https:\/\/innocentiemangonipiante.it\/es\/wp-json\/wp\/v2\/product\/15879","targetHints":{"allow":["GET"]}}],"collection":[{"href":"https:\/\/innocentiemangonipiante.it\/es\/wp-json\/wp\/v2\/product"}],"about":[{"href":"https:\/\/innocentiemangonipiante.it\/es\/wp-json\/wp\/v2\/types\/product"}],"wp:featuredmedia":[{"embeddable":true,"href":"https:\/\/innocentiemangonipiante.it\/es\/wp-json\/wp\/v2\/media\/1067"}],"wp:attachment":[{"href":"https:\/\/innocentiemangonipiante.it\/es\/wp-json\/wp\/v2\/media?parent=15879"}],"wp:term":[{"taxonomy":"product_brand","embeddable":true,"href":"https:\/\/innocentiemangonipiante.it\/es\/wp-json\/wp\/v2\/product_brand?post=15879"},{"taxonomy":"product_cat","embeddable":true,"href":"https:\/\/innocentiemangonipiante.it\/es\/wp-json\/wp\/v2\/product_cat?post=15879"},{"taxonomy":"product_tag","embeddable":true,"href":"https:\/\/innocentiemangonipiante.it\/es\/wp-json\/wp\/v2\/product_tag?post=15879"}],"curies":[{"name":"wp","href":"https:\/\/api.w.org\/{rel}","templated":true}]}}