{"id":15880,"date":"2023-11-03T23:43:37","date_gmt":"2023-11-03T22:43:37","guid":{"rendered":"http:\/\/innocentiemangonipiante.it\/betula-nigra\/"},"modified":"2023-11-09T09:05:20","modified_gmt":"2023-11-09T08:05:20","slug":"betula-nigra","status":"publish","type":"product","link":"https:\/\/innocentiemangonipiante.it\/es\/betula-nigra\/","title":{"rendered":"BETULA nigra"},"content":{"rendered":"<p>Excepcionalmente piramidal y redondeado. Hojas verde-verde oscuro virando a amarillo oro en oto\u00f1o. Tolera terrenos h\u00famedos y resiste tambi\u00e9n suelos secos. Se caracteriza por su corteza, que al deshojrase, muestra tonos que van del gris-marr\u00f3n al amarillo rosado.<\/p>\n","protected":false},"excerpt":{"rendered":"<p>Excepcionalmente piramidal y redondeado. Hojas verde-verde oscuro virando a amarillo oro en oto\u00f1o. Tolera terrenos h\u00famedos y resiste tambi\u00e9n suelos secos. Se caracteriza por su corteza, que al deshojrase, muestra tonos que van del gris-marr\u00f3n al amarillo rosado.<\/p>\n","protected":false},"featured_media":1061,"template":"","meta":{"_acf_changed":false},"product_brand":[],"product_cat":[8814],"product_tag":[10899,8598,8402],"class_list":{"0":"post-15880","1":"product","2":"type-product","3":"status-publish","4":"has-post-thumbnail","6":"product_cat-arboles-y-arbustos-de-hoja-caduca","7":"product_tag-natural-es","8":"product_tag-multitronco-es-2","9":"product_tag-tallo-alto","10":"pa_altezza-massima-15-metros","11":"pa_altezza-massima-20-metros","12":"pa_condizionamento-clt-es","13":"pa_condizionamento-placa","14":"pa_famiglia-betulaceae-es","15":"pa_genere-betula-es","16":"pa_origine-origine-delle-piante-u-s-a-es","17":"pa_portamento-arrotondato-es","18":"pa_resistenza-climatica-muy-elevada","19":"pa_utilizzo-avenidas","20":"pa_utilizzo-parques","22":"first","23":"instock","24":"purchasable","25":"product-type-simple"},"acf":[],"_links":{"self":[{"href":"https:\/\/innocentiemangonipiante.it\/es\/wp-json\/wp\/v2\/product\/15880","targetHints":{"allow":["GET"]}}],"collection":[{"href":"https:\/\/innocentiemangonipiante.it\/es\/wp-json\/wp\/v2\/product"}],"about":[{"href":"https:\/\/innocentiemangonipiante.it\/es\/wp-json\/wp\/v2\/types\/product"}],"wp:featuredmedia":[{"embeddable":true,"href":"https:\/\/innocentiemangonipiante.it\/es\/wp-json\/wp\/v2\/media\/1061"}],"wp:attachment":[{"href":"https:\/\/innocentiemangonipiante.it\/es\/wp-json\/wp\/v2\/media?parent=15880"}],"wp:term":[{"taxonomy":"product_brand","embeddable":true,"href":"https:\/\/innocentiemangonipiante.it\/es\/wp-json\/wp\/v2\/product_brand?post=15880"},{"taxonomy":"product_cat","embeddable":true,"href":"https:\/\/innocentiemangonipiante.it\/es\/wp-json\/wp\/v2\/product_cat?post=15880"},{"taxonomy":"product_tag","embeddable":true,"href":"https:\/\/innocentiemangonipiante.it\/es\/wp-json\/wp\/v2\/product_tag?post=15880"}],"curies":[{"name":"wp","href":"https:\/\/api.w.org\/{rel}","templated":true}]}}