{"id":15891,"date":"2023-11-03T23:45:31","date_gmt":"2023-11-03T22:45:31","guid":{"rendered":"http:\/\/innocentiemangonipiante.it\/brachychiton-populneus\/"},"modified":"2023-11-09T09:08:27","modified_gmt":"2023-11-09T08:08:27","slug":"brachychiton-populneus","status":"publish","type":"product","link":"https:\/\/innocentiemangonipiante.it\/es\/brachychiton-populneus\/","title":{"rendered":"BRACHYCHITON populneus"},"content":{"rendered":"<p>\u00c1rbol perennifolio con crecimiento r\u00e1pido. T\u00edpico en climas templados, con hojas lucientes de tri- a pentalobadas de color verde oscuro. Suporta bien los suelos arenosos o arcillosos pero con buena textura. Utilizado como \u00e1rbol de sombra, en grandes parques o contra el viento.<\/p>\n","protected":false},"excerpt":{"rendered":"<p>\u00c1rbol perennifolio con crecimiento r\u00e1pido. T\u00edpico en climas templados, con hojas lucientes de tri- a pentalobadas de color verde oscuro. Suporta bien los suelos arenosos o arcillosos pero con buena textura. Utilizado como \u00e1rbol de sombra, en grandes parques o contra el viento.<\/p>\n","protected":false},"featured_media":1134,"template":"","meta":{"_acf_changed":false},"product_brand":[],"product_cat":[8815],"product_tag":[10899,8402],"class_list":{"0":"post-15891","1":"product","2":"type-product","3":"status-publish","4":"has-post-thumbnail","6":"product_cat-arboles-y-arbustos-persistentes","7":"product_tag-natural-es","8":"product_tag-tallo-alto","9":"pa_altezza-massima-15-metros","10":"pa_altezza-massima-20-metros","11":"pa_colore-fioritura-amarillo","12":"pa_condizionamento-clt-es","13":"pa_famiglia-sterculiaceae-es","14":"pa_genere-brachychiton-es","15":"pa_origine-australia-es","16":"pa_periodo-fioritura-agosto-es","17":"pa_periodo-fioritura-julio","18":"pa_portamento-conico-es","19":"pa_resistenza-climatica-muy-baja","20":"pa_salinita-resistente-alla-salsedine-es","21":"pa_utilizzo-parques","23":"first","24":"instock","25":"purchasable","26":"product-type-simple"},"acf":[],"_links":{"self":[{"href":"https:\/\/innocentiemangonipiante.it\/es\/wp-json\/wp\/v2\/product\/15891","targetHints":{"allow":["GET"]}}],"collection":[{"href":"https:\/\/innocentiemangonipiante.it\/es\/wp-json\/wp\/v2\/product"}],"about":[{"href":"https:\/\/innocentiemangonipiante.it\/es\/wp-json\/wp\/v2\/types\/product"}],"wp:featuredmedia":[{"embeddable":true,"href":"https:\/\/innocentiemangonipiante.it\/es\/wp-json\/wp\/v2\/media\/1134"}],"wp:attachment":[{"href":"https:\/\/innocentiemangonipiante.it\/es\/wp-json\/wp\/v2\/media?parent=15891"}],"wp:term":[{"taxonomy":"product_brand","embeddable":true,"href":"https:\/\/innocentiemangonipiante.it\/es\/wp-json\/wp\/v2\/product_brand?post=15891"},{"taxonomy":"product_cat","embeddable":true,"href":"https:\/\/innocentiemangonipiante.it\/es\/wp-json\/wp\/v2\/product_cat?post=15891"},{"taxonomy":"product_tag","embeddable":true,"href":"https:\/\/innocentiemangonipiante.it\/es\/wp-json\/wp\/v2\/product_tag?post=15891"}],"curies":[{"name":"wp","href":"https:\/\/api.w.org\/{rel}","templated":true}]}}