{"id":15892,"date":"2023-11-03T23:45:39","date_gmt":"2023-11-03T22:45:39","guid":{"rendered":"http:\/\/innocentiemangonipiante.it\/broussonetia-papyrifera\/"},"modified":"2023-11-09T09:08:31","modified_gmt":"2023-11-09T08:08:31","slug":"broussonetia-papyrifera","status":"publish","type":"product","link":"https:\/\/innocentiemangonipiante.it\/es\/broussonetia-papyrifera\/","title":{"rendered":"BROUSSONETIA papyrifera"},"content":{"rendered":"<p>\u00c1rbol caduco con hojas ovaladas, gris verde, hasta 20 cm de longitud. En principio de verano produce flores blanco crema seguidas por frutos dulces comestibles de color rojo-naranja. Puede ser utilisada como \u00e1rbol de sombra o para alineaci\u00f3nes. Suporta bien suelos dif\u00edciles y tambi\u00e9n pobres.<\/p>\n","protected":false},"excerpt":{"rendered":"<p>\u00c1rbol caduco con hojas ovaladas, gris verde, hasta 20 cm de longitud. En principio de verano produce flores blanco crema seguidas por frutos dulces comestibles de color rojo-naranja. Puede ser utilisada como \u00e1rbol de sombra o para alineaci\u00f3nes. Suporta bien suelos dif\u00edciles y tambi\u00e9n pobres.<\/p>\n","protected":false},"featured_media":20800,"template":"","meta":{"_acf_changed":false},"product_brand":[],"product_cat":[8814,9232],"product_tag":[10899,8402],"class_list":{"0":"post-15892","1":"product","2":"type-product","3":"status-publish","4":"has-post-thumbnail","6":"product_cat-arboles-y-arbustos-de-hoja-caduca","7":"product_cat-arboles-y-plantas-del-futuro","8":"product_tag-natural-es","9":"product_tag-tallo-alto","10":"pa_altezza-massima-800-es","11":"pa_altezza-massima-1000-es-2","12":"pa_condizionamento-clt-es","13":"pa_condizionamento-placa","14":"pa_famiglia-moraceae-es","15":"pa_genere-broussonetia-es","16":"pa_origine-asia-oriental","17":"pa_portamento-arrotondato-es","18":"pa_resistenza-climatica-media-elevada","19":"pa_resistenza-del-suolo-resistente-a-los-suelos-secos","20":"pa_salinita-resistente-alla-salsedine-es","21":"pa_utilizzo-parques","23":"first","24":"instock","25":"purchasable","26":"product-type-simple"},"acf":[],"_links":{"self":[{"href":"https:\/\/innocentiemangonipiante.it\/es\/wp-json\/wp\/v2\/product\/15892","targetHints":{"allow":["GET"]}}],"collection":[{"href":"https:\/\/innocentiemangonipiante.it\/es\/wp-json\/wp\/v2\/product"}],"about":[{"href":"https:\/\/innocentiemangonipiante.it\/es\/wp-json\/wp\/v2\/types\/product"}],"wp:featuredmedia":[{"embeddable":true,"href":"https:\/\/innocentiemangonipiante.it\/es\/wp-json\/wp\/v2\/media\/20800"}],"wp:attachment":[{"href":"https:\/\/innocentiemangonipiante.it\/es\/wp-json\/wp\/v2\/media?parent=15892"}],"wp:term":[{"taxonomy":"product_brand","embeddable":true,"href":"https:\/\/innocentiemangonipiante.it\/es\/wp-json\/wp\/v2\/product_brand?post=15892"},{"taxonomy":"product_cat","embeddable":true,"href":"https:\/\/innocentiemangonipiante.it\/es\/wp-json\/wp\/v2\/product_cat?post=15892"},{"taxonomy":"product_tag","embeddable":true,"href":"https:\/\/innocentiemangonipiante.it\/es\/wp-json\/wp\/v2\/product_tag?post=15892"}],"curies":[{"name":"wp","href":"https:\/\/api.w.org\/{rel}","templated":true}]}}