{"id":15901,"date":"2023-11-03T23:48:07","date_gmt":"2023-11-03T22:48:07","guid":{"rendered":"http:\/\/innocentiemangonipiante.it\/buxus-sempervirens-suffruticosa\/"},"modified":"2023-11-09T09:10:29","modified_gmt":"2023-11-09T08:10:29","slug":"buxus-sempervirens-suffruticosa","status":"publish","type":"product","link":"https:\/\/innocentiemangonipiante.it\/es\/buxus-sempervirens-suffruticosa\/","title":{"rendered":"BUXUS sempervirens &#8216;Suffruticosa&#8217;"},"content":{"rendered":"<p>Selecci\u00f3n compacta de crecimiento muy lento. Las hojas son peque\u00f1as y redondas de color verde oscuro. Las nuevas vegetaciones de color verde tenue. Variedad \u00f3ptima por setos vivos y barreras.<\/p>\n","protected":false},"excerpt":{"rendered":"<p>Selecci\u00f3n compacta de crecimiento muy lento. Las hojas son peque\u00f1as y redondas de color verde oscuro. Las nuevas vegetaciones de color verde tenue. Variedad \u00f3ptima por setos vivos y barreras.<\/p>\n","protected":false},"featured_media":1202,"template":"","meta":{"_acf_changed":false},"product_brand":[],"product_cat":[8815],"product_tag":[10899],"class_list":{"0":"post-15901","1":"product","2":"type-product","3":"status-publish","4":"has-post-thumbnail","6":"product_cat-arboles-y-arbustos-persistentes","7":"product_tag-natural-es","8":"pa_altezza-massima-0_80-metros","9":"pa_altezza-massima-130-es","10":"pa_condizionamento-clt-es","11":"pa_condizionamento-placa","12":"pa_famiglia-buxaceae-es","13":"pa_genere-buxus-es","14":"pa_inquinamento-resistente-al-smog","15":"pa_origine-norte-de-europa-es-2","16":"pa_portamento-arrotondato-es","17":"pa_resistenza-climatica-muy-elevada","18":"pa_resistenza-del-suolo-resistente-a-los-suelos-calcareos","19":"pa_resistenza-del-suolo-resistente-a-los-suelos-secos","20":"pa_utilizzo-borduras","21":"pa_utilizzo-setos","23":"first","24":"instock","25":"purchasable","26":"product-type-simple"},"acf":[],"_links":{"self":[{"href":"https:\/\/innocentiemangonipiante.it\/es\/wp-json\/wp\/v2\/product\/15901","targetHints":{"allow":["GET"]}}],"collection":[{"href":"https:\/\/innocentiemangonipiante.it\/es\/wp-json\/wp\/v2\/product"}],"about":[{"href":"https:\/\/innocentiemangonipiante.it\/es\/wp-json\/wp\/v2\/types\/product"}],"wp:featuredmedia":[{"embeddable":true,"href":"https:\/\/innocentiemangonipiante.it\/es\/wp-json\/wp\/v2\/media\/1202"}],"wp:attachment":[{"href":"https:\/\/innocentiemangonipiante.it\/es\/wp-json\/wp\/v2\/media?parent=15901"}],"wp:term":[{"taxonomy":"product_brand","embeddable":true,"href":"https:\/\/innocentiemangonipiante.it\/es\/wp-json\/wp\/v2\/product_brand?post=15901"},{"taxonomy":"product_cat","embeddable":true,"href":"https:\/\/innocentiemangonipiante.it\/es\/wp-json\/wp\/v2\/product_cat?post=15901"},{"taxonomy":"product_tag","embeddable":true,"href":"https:\/\/innocentiemangonipiante.it\/es\/wp-json\/wp\/v2\/product_tag?post=15901"}],"curies":[{"name":"wp","href":"https:\/\/api.w.org\/{rel}","templated":true}]}}