{"id":15902,"date":"2023-11-03T23:47:53","date_gmt":"2023-11-03T22:47:53","guid":{"rendered":"http:\/\/innocentiemangonipiante.it\/buxus-sempervirens-arborescens\/"},"modified":"2023-11-09T09:10:20","modified_gmt":"2023-11-09T08:10:20","slug":"buxus-sempervirens-arborescens","status":"publish","type":"product","link":"https:\/\/innocentiemangonipiante.it\/es\/buxus-sempervirens-arborescens\/","title":{"rendered":"BUXUS sempervirens &#8216;Arborescens&#8217;"},"content":{"rendered":"<p>Arbusto perenne de porte compacto. Hojas opuestas, de ovaladas a el\u00edpticas, de 1,5 a 2,5 cm de di\u00e1metro, de color verde oscuro brillante y verde claro el env\u00e9s. Especialmente resistente al fr\u00edo.<\/p>\n","protected":false},"excerpt":{"rendered":"<p>Arbusto perenne de porte compacto. Hojas opuestas, de ovaladas a el\u00edpticas, de 1,5 a 2,5 cm de di\u00e1metro, de color verde oscuro brillante y verde claro el env\u00e9s. Especialmente resistente al fr\u00edo.<\/p>\n","protected":false},"featured_media":1196,"template":"","meta":{"_acf_changed":false},"product_brand":[],"product_cat":[8815],"product_tag":[10899,8706,8537],"class_list":{"0":"post-15902","1":"product","2":"type-product","3":"status-publish","4":"has-post-thumbnail","6":"product_cat-arboles-y-arbustos-persistentes","7":"product_tag-natural-es","8":"product_tag-bola","9":"product_tag-cono-es","10":"pa_altezza-massima-300-es","11":"pa_altezza-massima-400-es","12":"pa_condizionamento-clt-es","13":"pa_famiglia-buxaceae-es","14":"pa_genere-buxus-es","15":"pa_inquinamento-resistente-al-smog","16":"pa_origine-europe-es","17":"pa_portamento-arrotondato-es","18":"pa_resistenza-climatica-muy-elevada","19":"pa_resistenza-del-suolo-resistente-a-los-suelos-calcareos","20":"pa_resistenza-del-suolo-resistente-a-los-suelos-secos","21":"pa_utilizzo-parques","22":"pa_utilizzo-pequenos-jardines","23":"pa_utilizzo-setos","25":"first","26":"instock","27":"purchasable","28":"product-type-simple"},"acf":[],"_links":{"self":[{"href":"https:\/\/innocentiemangonipiante.it\/es\/wp-json\/wp\/v2\/product\/15902","targetHints":{"allow":["GET"]}}],"collection":[{"href":"https:\/\/innocentiemangonipiante.it\/es\/wp-json\/wp\/v2\/product"}],"about":[{"href":"https:\/\/innocentiemangonipiante.it\/es\/wp-json\/wp\/v2\/types\/product"}],"wp:featuredmedia":[{"embeddable":true,"href":"https:\/\/innocentiemangonipiante.it\/es\/wp-json\/wp\/v2\/media\/1196"}],"wp:attachment":[{"href":"https:\/\/innocentiemangonipiante.it\/es\/wp-json\/wp\/v2\/media?parent=15902"}],"wp:term":[{"taxonomy":"product_brand","embeddable":true,"href":"https:\/\/innocentiemangonipiante.it\/es\/wp-json\/wp\/v2\/product_brand?post=15902"},{"taxonomy":"product_cat","embeddable":true,"href":"https:\/\/innocentiemangonipiante.it\/es\/wp-json\/wp\/v2\/product_cat?post=15902"},{"taxonomy":"product_tag","embeddable":true,"href":"https:\/\/innocentiemangonipiante.it\/es\/wp-json\/wp\/v2\/product_tag?post=15902"}],"curies":[{"name":"wp","href":"https:\/\/api.w.org\/{rel}","templated":true}]}}