{"id":15908,"date":"2023-11-03T23:49:06","date_gmt":"2023-11-03T22:49:06","guid":{"rendered":"http:\/\/innocentiemangonipiante.it\/callistemon-laevis\/"},"modified":"2023-11-09T09:11:05","modified_gmt":"2023-11-09T08:11:05","slug":"callistemon-laevis","status":"publish","type":"product","link":"https:\/\/innocentiemangonipiante.it\/es\/callistemon-laevis\/","title":{"rendered":"CALLISTEMON laevis"},"content":{"rendered":"<p>Arbusto perenne. Las hojas son lanceoladas, r\u00edgidas, de color verde claro. Florece de manera muy especial, con flores de color rojo, en forma de espigas cil\u00edndricas que se presentan varias veces en una estaci\u00f3n (normalmente en mayo, julio y septiembre).<\/p>\n","protected":false},"excerpt":{"rendered":"<p>Arbusto perenne. Las hojas son lanceoladas, r\u00edgidas, de color verde claro. Florece de manera muy especial, con flores de color rojo, en forma de espigas cil\u00edndricas que se presentan varias veces en una estaci\u00f3n (normalmente en mayo, julio y septiembre).<\/p>\n","protected":false},"featured_media":1226,"template":"","meta":{"_acf_changed":false},"product_brand":[],"product_cat":[8815,9232],"product_tag":[10899,8737,8566,8402],"class_list":{"0":"post-15908","1":"product","2":"type-product","3":"status-publish","4":"has-post-thumbnail","6":"product_cat-arboles-y-arbustos-persistentes","7":"product_cat-arboles-y-plantas-del-futuro","8":"product_tag-natural-es","9":"product_tag-cuarto-de-tallo","10":"product_tag-medio-tallo","11":"product_tag-tallo-alto","12":"pa_altezza-massima-200-es","13":"pa_altezza-massima-400-es","14":"pa_colore-fioritura-rojo","15":"pa_condizionamento-clt-es","16":"pa_condizionamento-vs-es","17":"pa_famiglia-myrtaceae-es","18":"pa_genere-callistemon-es","19":"pa_origine-australia-es","20":"pa_periodo-fioritura-julio","21":"pa_periodo-fioritura-mayo","22":"pa_periodo-fioritura-septiembre","23":"pa_portamento-arcuato-es","24":"pa_resistenza-climatica-plantas-con-baja-resistencia-climatica","25":"pa_resistenza-del-suolo-resistente-a-los-suelos-secos","26":"pa_salinita-resistente-alla-salsedine-es","27":"pa_utilizzo-pequenos-jardines","28":"pa_utilizzo-setos","30":"first","31":"instock","32":"purchasable","33":"product-type-simple"},"acf":[],"_links":{"self":[{"href":"https:\/\/innocentiemangonipiante.it\/es\/wp-json\/wp\/v2\/product\/15908","targetHints":{"allow":["GET"]}}],"collection":[{"href":"https:\/\/innocentiemangonipiante.it\/es\/wp-json\/wp\/v2\/product"}],"about":[{"href":"https:\/\/innocentiemangonipiante.it\/es\/wp-json\/wp\/v2\/types\/product"}],"wp:featuredmedia":[{"embeddable":true,"href":"https:\/\/innocentiemangonipiante.it\/es\/wp-json\/wp\/v2\/media\/1226"}],"wp:attachment":[{"href":"https:\/\/innocentiemangonipiante.it\/es\/wp-json\/wp\/v2\/media?parent=15908"}],"wp:term":[{"taxonomy":"product_brand","embeddable":true,"href":"https:\/\/innocentiemangonipiante.it\/es\/wp-json\/wp\/v2\/product_brand?post=15908"},{"taxonomy":"product_cat","embeddable":true,"href":"https:\/\/innocentiemangonipiante.it\/es\/wp-json\/wp\/v2\/product_cat?post=15908"},{"taxonomy":"product_tag","embeddable":true,"href":"https:\/\/innocentiemangonipiante.it\/es\/wp-json\/wp\/v2\/product_tag?post=15908"}],"curies":[{"name":"wp","href":"https:\/\/api.w.org\/{rel}","templated":true}]}}