{"id":15909,"date":"2023-11-03T23:49:35","date_gmt":"2023-11-03T22:49:35","guid":{"rendered":"http:\/\/innocentiemangonipiante.it\/calocedrus-decurrens-aureovariegata\/"},"modified":"2023-11-09T09:11:46","modified_gmt":"2023-11-09T08:11:46","slug":"calocedrus-decurrens-aureovariegata","status":"publish","type":"product","link":"https:\/\/innocentiemangonipiante.it\/es\/calocedrus-decurrens-aureovariegata\/","title":{"rendered":"CALOCEDRUS decurrens &#8216;Aureovariegata&#8217;"},"content":{"rendered":"<p>Caracter\u00edsticas similares a las de la variedad tipo. Las hojas est\u00e1n manchadas de amarillo oro. Adapto como \u00e1rbol aislado o en peque\u00f1os grupos. Utilisar donde se quiere luz.<\/p>\n","protected":false},"excerpt":{"rendered":"<p>Caracter\u00edsticas similares a las de la variedad tipo. Las hojas est\u00e1n manchadas de amarillo oro. Adapto como \u00e1rbol aislado o en peque\u00f1os grupos. Utilisar donde se quiere luz.<\/p>\n","protected":false},"featured_media":1238,"template":"","meta":{"_acf_changed":false},"product_brand":[],"product_cat":[8826],"product_tag":[10899],"class_list":{"0":"post-15909","1":"product","2":"type-product","3":"status-publish","4":"has-post-thumbnail","6":"product_cat-coniferas","7":"product_tag-natural-es","8":"pa_altezza-massima-800-es","9":"pa_altezza-massima-12-metros","10":"pa_colore-delle-foglie-amarillas","11":"pa_condizionamento-clt-es","12":"pa_condizionamento-placa","13":"pa_famiglia-cupressaceae-es","14":"pa_genere-calocedrus-es","15":"pa_inquinamento-resistente-al-smog","16":"pa_origine-origine-delle-piante-u-s-a-es","17":"pa_portamento-de-columna-es","18":"pa_resistenza-climatica-muy-elevada","19":"pa_resistenza-del-suolo-resistente-a-los-suelos-calcareos","20":"pa_resistenza-del-suolo-resistente-a-los-suelos-secos","21":"pa_utilizzo-parques","23":"first","24":"instock","25":"purchasable","26":"product-type-simple"},"acf":[],"_links":{"self":[{"href":"https:\/\/innocentiemangonipiante.it\/es\/wp-json\/wp\/v2\/product\/15909","targetHints":{"allow":["GET"]}}],"collection":[{"href":"https:\/\/innocentiemangonipiante.it\/es\/wp-json\/wp\/v2\/product"}],"about":[{"href":"https:\/\/innocentiemangonipiante.it\/es\/wp-json\/wp\/v2\/types\/product"}],"wp:featuredmedia":[{"embeddable":true,"href":"https:\/\/innocentiemangonipiante.it\/es\/wp-json\/wp\/v2\/media\/1238"}],"wp:attachment":[{"href":"https:\/\/innocentiemangonipiante.it\/es\/wp-json\/wp\/v2\/media?parent=15909"}],"wp:term":[{"taxonomy":"product_brand","embeddable":true,"href":"https:\/\/innocentiemangonipiante.it\/es\/wp-json\/wp\/v2\/product_brand?post=15909"},{"taxonomy":"product_cat","embeddable":true,"href":"https:\/\/innocentiemangonipiante.it\/es\/wp-json\/wp\/v2\/product_cat?post=15909"},{"taxonomy":"product_tag","embeddable":true,"href":"https:\/\/innocentiemangonipiante.it\/es\/wp-json\/wp\/v2\/product_tag?post=15909"}],"curies":[{"name":"wp","href":"https:\/\/api.w.org\/{rel}","templated":true}]}}