{"id":15910,"date":"2023-11-03T23:49:27","date_gmt":"2023-11-03T22:49:27","guid":{"rendered":"http:\/\/innocentiemangonipiante.it\/calocedrus-decurrens\/"},"modified":"2023-11-09T09:11:42","modified_gmt":"2023-11-09T08:11:42","slug":"calocedrus-decurrens","status":"publish","type":"product","link":"https:\/\/innocentiemangonipiante.it\/es\/calocedrus-decurrens\/","title":{"rendered":"CALOCEDRUS decurrens"},"content":{"rendered":"<p>Con\u00edfera de porte columnar y de gran desarrollo. La corteza es de color marr\u00f3n-rojizo. Produce ramitas planas con hojas de color verde oscuro, l\u00facidas, lineales.<\/p>\n","protected":false},"excerpt":{"rendered":"<p>Con\u00edfera de porte columnar y de gran desarrollo. La corteza es de color marr\u00f3n-rojizo. Produce ramitas planas con hojas de color verde oscuro, l\u00facidas, lineales.<\/p>\n","protected":false},"featured_media":1232,"template":"","meta":{"_acf_changed":false},"product_brand":[],"product_cat":[8826],"product_tag":[10899],"class_list":{"0":"post-15910","1":"product","2":"type-product","3":"status-publish","4":"has-post-thumbnail","6":"product_cat-coniferas","7":"product_tag-natural-es","8":"pa_altezza-massima-30-metros","9":"pa_altezza-massima-40-metros","10":"pa_condizionamento-clt-es","11":"pa_condizionamento-placa","12":"pa_famiglia-cupressaceae-es","13":"pa_genere-calocedrus-es","14":"pa_origine-origine-delle-piante-u-s-a-es","15":"pa_portamento-de-columna-es","16":"pa_resistenza-climatica-muy-elevada","17":"pa_resistenza-del-suolo-resistente-a-los-suelos-calcareos","18":"pa_resistenza-del-suolo-resistente-a-los-suelos-secos","19":"pa_utilizzo-parques","21":"first","22":"instock","23":"purchasable","24":"product-type-simple"},"acf":[],"_links":{"self":[{"href":"https:\/\/innocentiemangonipiante.it\/es\/wp-json\/wp\/v2\/product\/15910","targetHints":{"allow":["GET"]}}],"collection":[{"href":"https:\/\/innocentiemangonipiante.it\/es\/wp-json\/wp\/v2\/product"}],"about":[{"href":"https:\/\/innocentiemangonipiante.it\/es\/wp-json\/wp\/v2\/types\/product"}],"wp:featuredmedia":[{"embeddable":true,"href":"https:\/\/innocentiemangonipiante.it\/es\/wp-json\/wp\/v2\/media\/1232"}],"wp:attachment":[{"href":"https:\/\/innocentiemangonipiante.it\/es\/wp-json\/wp\/v2\/media?parent=15910"}],"wp:term":[{"taxonomy":"product_brand","embeddable":true,"href":"https:\/\/innocentiemangonipiante.it\/es\/wp-json\/wp\/v2\/product_brand?post=15910"},{"taxonomy":"product_cat","embeddable":true,"href":"https:\/\/innocentiemangonipiante.it\/es\/wp-json\/wp\/v2\/product_cat?post=15910"},{"taxonomy":"product_tag","embeddable":true,"href":"https:\/\/innocentiemangonipiante.it\/es\/wp-json\/wp\/v2\/product_tag?post=15910"}],"curies":[{"name":"wp","href":"https:\/\/api.w.org\/{rel}","templated":true}]}}