{"id":15918,"date":"2023-11-03T23:55:58","date_gmt":"2023-11-03T22:55:58","guid":{"rendered":"http:\/\/innocentiemangonipiante.it\/camellia-japonica-in-varieta\/"},"modified":"2023-11-09T09:16:23","modified_gmt":"2023-11-09T08:16:23","slug":"camellia-japonica-in-varieta","status":"publish","type":"product","link":"https:\/\/innocentiemangonipiante.it\/es\/camellia-japonica-in-varieta\/","title":{"rendered":"CAMELLIA japonica in variet\u00e0"},"content":{"rendered":"<p>G\u00e8nero que comprende m\u00e0s de 250 especies de arbustos originarios de los suelos \u00e0cidos de china y Japon. Las hojas son l\u00f9cidas, de verde claro a verde scuro, alternas, de lanceoladas a el\u00ecpticas con m\u00e0rgenes dentados.<\/p>\n","protected":false},"excerpt":{"rendered":"<p>G\u00e8nero que comprende m\u00e0s de 250 especies de arbustos originarios de los suelos \u00e0cidos de china y Japon. Las hojas son l\u00f9cidas, de verde claro a verde scuro, alternas, de lanceoladas a el\u00ecpticas con m\u00e0rgenes dentados.<\/p>\n","protected":false},"featured_media":1262,"template":"","meta":{"_acf_changed":false},"product_brand":[],"product_cat":[8815],"product_tag":[10899],"class_list":{"0":"post-15918","1":"product","2":"type-product","3":"status-publish","4":"has-post-thumbnail","6":"product_cat-arboles-y-arbustos-persistentes","7":"product_tag-natural-es","8":"pa_altezza-massima-600-es","9":"pa_altezza-massima-900-es","10":"pa_colore-fioritura-rosado","11":"pa_famiglia-theaceae-es","12":"pa_genere-camellia-es","13":"pa_origine-asia-oriental","14":"pa_periodo-fioritura-abril","15":"pa_periodo-fioritura-febrero","16":"pa_periodo-fioritura-marzo-es","17":"pa_periodo-fioritura-mayo","18":"pa_portamento-cespuglioso-es","19":"pa_resistenza-climatica-media-elevada","20":"pa_utilizzo-balcones","21":"pa_utilizzo-parques","22":"pa_utilizzo-pequenos-jardines","24":"first","25":"instock","26":"purchasable","27":"product-type-simple"},"acf":[],"_links":{"self":[{"href":"https:\/\/innocentiemangonipiante.it\/es\/wp-json\/wp\/v2\/product\/15918","targetHints":{"allow":["GET"]}}],"collection":[{"href":"https:\/\/innocentiemangonipiante.it\/es\/wp-json\/wp\/v2\/product"}],"about":[{"href":"https:\/\/innocentiemangonipiante.it\/es\/wp-json\/wp\/v2\/types\/product"}],"wp:featuredmedia":[{"embeddable":true,"href":"https:\/\/innocentiemangonipiante.it\/es\/wp-json\/wp\/v2\/media\/1262"}],"wp:attachment":[{"href":"https:\/\/innocentiemangonipiante.it\/es\/wp-json\/wp\/v2\/media?parent=15918"}],"wp:term":[{"taxonomy":"product_brand","embeddable":true,"href":"https:\/\/innocentiemangonipiante.it\/es\/wp-json\/wp\/v2\/product_brand?post=15918"},{"taxonomy":"product_cat","embeddable":true,"href":"https:\/\/innocentiemangonipiante.it\/es\/wp-json\/wp\/v2\/product_cat?post=15918"},{"taxonomy":"product_tag","embeddable":true,"href":"https:\/\/innocentiemangonipiante.it\/es\/wp-json\/wp\/v2\/product_tag?post=15918"}],"curies":[{"name":"wp","href":"https:\/\/api.w.org\/{rel}","templated":true}]}}