{"id":15919,"date":"2023-11-03T23:57:51","date_gmt":"2023-11-03T22:57:51","guid":{"rendered":"http:\/\/innocentiemangonipiante.it\/camellia-sasanqua-navajo\/"},"modified":"2023-11-09T09:17:54","modified_gmt":"2023-11-09T08:17:54","slug":"camellia-sasanqua-navajo","status":"publish","type":"product","link":"https:\/\/innocentiemangonipiante.it\/es\/camellia-sasanqua-navajo\/","title":{"rendered":"CAMELLIA sasanqua &#8216;Navajo&#8217;"},"content":{"rendered":"<p>Abundante floraci\u00f3n en oto\u00f1o con flor blancas con m\u00e1rgenes rosa oscuro.<\/p>\n","protected":false},"excerpt":{"rendered":"<p>Abundante floraci\u00f3n en oto\u00f1o con flor blancas con m\u00e1rgenes rosa oscuro.<\/p>\n","protected":false},"featured_media":1305,"template":"","meta":{"_acf_changed":false},"product_brand":[],"product_cat":[8815],"product_tag":[10899,8758,8718,8402],"class_list":{"0":"post-15919","1":"product","2":"type-product","3":"status-publish","4":"has-post-thumbnail","6":"product_cat-arboles-y-arbustos-persistentes","7":"product_tag-natural-es","8":"product_tag-espiral","9":"product_tag-pompons-es","10":"product_tag-tallo-alto","11":"pa_altezza-massima-300-es","12":"pa_altezza-massima-400-es","13":"pa_colore-fioritura-blanco","14":"pa_condizionamento-clt-es","15":"pa_condizionamento-placa","16":"pa_famiglia-theaceae-es","17":"pa_genere-camellia-es","18":"pa_origine-asia-oriental","19":"pa_periodo-fioritura-diciembre","20":"pa_periodo-fioritura-noviembre","21":"pa_portamento-cespuglioso-es","22":"pa_resistenza-climatica-muy-elevada","23":"pa_utilizzo-parques","24":"pa_utilizzo-pequenos-jardines","26":"first","27":"instock","28":"purchasable","29":"product-type-simple"},"acf":[],"_links":{"self":[{"href":"https:\/\/innocentiemangonipiante.it\/es\/wp-json\/wp\/v2\/product\/15919","targetHints":{"allow":["GET"]}}],"collection":[{"href":"https:\/\/innocentiemangonipiante.it\/es\/wp-json\/wp\/v2\/product"}],"about":[{"href":"https:\/\/innocentiemangonipiante.it\/es\/wp-json\/wp\/v2\/types\/product"}],"wp:featuredmedia":[{"embeddable":true,"href":"https:\/\/innocentiemangonipiante.it\/es\/wp-json\/wp\/v2\/media\/1305"}],"wp:attachment":[{"href":"https:\/\/innocentiemangonipiante.it\/es\/wp-json\/wp\/v2\/media?parent=15919"}],"wp:term":[{"taxonomy":"product_brand","embeddable":true,"href":"https:\/\/innocentiemangonipiante.it\/es\/wp-json\/wp\/v2\/product_brand?post=15919"},{"taxonomy":"product_cat","embeddable":true,"href":"https:\/\/innocentiemangonipiante.it\/es\/wp-json\/wp\/v2\/product_cat?post=15919"},{"taxonomy":"product_tag","embeddable":true,"href":"https:\/\/innocentiemangonipiante.it\/es\/wp-json\/wp\/v2\/product_tag?post=15919"}],"curies":[{"name":"wp","href":"https:\/\/api.w.org\/{rel}","templated":true}]}}