{"id":15923,"date":"2023-11-03T23:56:24","date_gmt":"2023-11-03T22:56:24","guid":{"rendered":"http:\/\/innocentiemangonipiante.it\/camellia-sasanqua-cleopatra\/"},"modified":"2023-11-09T09:16:38","modified_gmt":"2023-11-09T08:16:38","slug":"camellia-sasanqua-cleopatra","status":"publish","type":"product","link":"https:\/\/innocentiemangonipiante.it\/es\/camellia-sasanqua-cleopatra\/","title":{"rendered":"CAMELLIA sasanqua &#8216;Cleopatra&#8217;"},"content":{"rendered":"<p>Arbusto perenne con porte de erguido a extendido. Las hojas son el\u00edpticas, de hasta 8 cm de longitud, de color verde oscuro la parte superior y verde m\u00e1s claro el env\u00e9s. A mediados-finales de oto\u00f1o produce flores perfumadas de 5-6 cm de di\u00e1metro.<\/p>\n","protected":false},"excerpt":{"rendered":"<p>Arbusto perenne con porte de erguido a extendido. Las hojas son el\u00edpticas, de hasta 8 cm de longitud, de color verde oscuro la parte superior y verde m\u00e1s claro el env\u00e9s. A mediados-finales de oto\u00f1o produce flores perfumadas de 5-6 cm de di\u00e1metro.<\/p>\n","protected":false},"featured_media":1274,"template":"","meta":{"_acf_changed":false},"product_brand":[],"product_cat":[8815],"product_tag":[10899,8752,8537,8758,8560,8500,8718,8402],"class_list":{"0":"post-15923","1":"product","2":"type-product","3":"status-publish","4":"has-post-thumbnail","6":"product_cat-arboles-y-arbustos-persistentes","7":"product_tag-natural-es","8":"product_tag-atras","9":"product_tag-cono-es","10":"product_tag-espiral","11":"product_tag-macro-bonsai","12":"product_tag-multitronco-con-copa-sombrilla","13":"product_tag-pompons-es","14":"product_tag-tallo-alto","15":"pa_altezza-massima-400-es","16":"pa_altezza-massima-600-es","17":"pa_colore-fioritura-rosado","18":"pa_condizionamento-caja-de-madera","19":"pa_condizionamento-clt-es","20":"pa_condizionamento-placa","21":"pa_condizionamento-vs-es","22":"pa_famiglia-theaceae-es","23":"pa_genere-camellia-es","24":"pa_origine-origine-delle-piante-u-s-a-es","25":"pa_periodo-fioritura-diciembre","26":"pa_periodo-fioritura-noviembre","27":"pa_portamento-cespuglioso-es","28":"pa_resistenza-climatica-media-elevada","29":"pa_utilizzo-parques","30":"pa_utilizzo-pequenos-jardines","32":"first","33":"instock","34":"purchasable","35":"product-type-simple"},"acf":[],"_links":{"self":[{"href":"https:\/\/innocentiemangonipiante.it\/es\/wp-json\/wp\/v2\/product\/15923","targetHints":{"allow":["GET"]}}],"collection":[{"href":"https:\/\/innocentiemangonipiante.it\/es\/wp-json\/wp\/v2\/product"}],"about":[{"href":"https:\/\/innocentiemangonipiante.it\/es\/wp-json\/wp\/v2\/types\/product"}],"wp:featuredmedia":[{"embeddable":true,"href":"https:\/\/innocentiemangonipiante.it\/es\/wp-json\/wp\/v2\/media\/1274"}],"wp:attachment":[{"href":"https:\/\/innocentiemangonipiante.it\/es\/wp-json\/wp\/v2\/media?parent=15923"}],"wp:term":[{"taxonomy":"product_brand","embeddable":true,"href":"https:\/\/innocentiemangonipiante.it\/es\/wp-json\/wp\/v2\/product_brand?post=15923"},{"taxonomy":"product_cat","embeddable":true,"href":"https:\/\/innocentiemangonipiante.it\/es\/wp-json\/wp\/v2\/product_cat?post=15923"},{"taxonomy":"product_tag","embeddable":true,"href":"https:\/\/innocentiemangonipiante.it\/es\/wp-json\/wp\/v2\/product_tag?post=15923"}],"curies":[{"name":"wp","href":"https:\/\/api.w.org\/{rel}","templated":true}]}}