{"id":15931,"date":"2023-11-04T00:02:05","date_gmt":"2023-11-03T23:02:05","guid":{"rendered":"http:\/\/innocentiemangonipiante.it\/carpinus-betulus-monumentalis\/"},"modified":"2023-11-09T09:20:46","modified_gmt":"2023-11-09T08:20:46","slug":"carpinus-betulus-monumentalis","status":"publish","type":"product","link":"https:\/\/innocentiemangonipiante.it\/es\/carpinus-betulus-monumentalis\/","title":{"rendered":"CARPINUS betulus &#8216;Monumentalis&#8217;"},"content":{"rendered":"<p>\u00c1rbol caduco de forma columnar, de porte compacto y de crecimiento muy lento (10-15 cm al a\u00f1o). Follaje de color verde que se vuelve amarillo en oto\u00f1o.<\/p>\n","protected":false},"excerpt":{"rendered":"<p>\u00c1rbol caduco de forma columnar, de porte compacto y de crecimiento muy lento (10-15 cm al a\u00f1o). Follaje de color verde que se vuelve amarillo en oto\u00f1o.<\/p>\n","protected":false},"featured_media":21160,"template":"","meta":{"_acf_changed":false},"product_brand":[],"product_cat":[8814],"product_tag":[10899],"class_list":{"0":"post-15931","1":"product","2":"type-product","3":"status-publish","4":"has-post-thumbnail","6":"product_cat-arboles-y-arbustos-de-hoja-caduca","7":"product_tag-natural-es","8":"pa_altezza-massima-300-es","9":"pa_altezza-massima-500-es","10":"pa_famiglia-carpinaceae-es-2","11":"pa_genere-carpinus-es","12":"pa_inquinamento-resistente-al-smog","13":"pa_origine-sur-de-europa-es","14":"pa_portamento-de-columna-es","15":"pa_resistenza-climatica-muy-elevada","16":"pa_resistenza-del-suolo-resistente-a-los-suelos-calcareos","17":"pa_salinita-resistente-alla-salsedine-es","18":"pa_utilizzo-avenidas","20":"first","21":"instock","22":"purchasable","23":"product-type-simple"},"acf":[],"_links":{"self":[{"href":"https:\/\/innocentiemangonipiante.it\/es\/wp-json\/wp\/v2\/product\/15931","targetHints":{"allow":["GET"]}}],"collection":[{"href":"https:\/\/innocentiemangonipiante.it\/es\/wp-json\/wp\/v2\/product"}],"about":[{"href":"https:\/\/innocentiemangonipiante.it\/es\/wp-json\/wp\/v2\/types\/product"}],"wp:featuredmedia":[{"embeddable":true,"href":"https:\/\/innocentiemangonipiante.it\/es\/wp-json\/wp\/v2\/media\/21160"}],"wp:attachment":[{"href":"https:\/\/innocentiemangonipiante.it\/es\/wp-json\/wp\/v2\/media?parent=15931"}],"wp:term":[{"taxonomy":"product_brand","embeddable":true,"href":"https:\/\/innocentiemangonipiante.it\/es\/wp-json\/wp\/v2\/product_brand?post=15931"},{"taxonomy":"product_cat","embeddable":true,"href":"https:\/\/innocentiemangonipiante.it\/es\/wp-json\/wp\/v2\/product_cat?post=15931"},{"taxonomy":"product_tag","embeddable":true,"href":"https:\/\/innocentiemangonipiante.it\/es\/wp-json\/wp\/v2\/product_tag?post=15931"}],"curies":[{"name":"wp","href":"https:\/\/api.w.org\/{rel}","templated":true}]}}