{"id":15932,"date":"2023-11-04T00:01:57","date_gmt":"2023-11-03T23:01:57","guid":{"rendered":"http:\/\/innocentiemangonipiante.it\/carpinus-betulus-lucas\/"},"modified":"2023-11-09T09:20:41","modified_gmt":"2023-11-09T08:20:41","slug":"carpinus-betulus-lucas","status":"publish","type":"product","link":"https:\/\/innocentiemangonipiante.it\/es\/carpinus-betulus-lucas\/","title":{"rendered":"CARPINUS betulus &#8216;Lucas&#8217;"},"content":{"rendered":"<p>El porte es fastigiato, m\u00e1s estrecho que C. b. &#8216;Fastigiata&#8217;. Mantiene la hoja seca en invierno. Planta r\u00fastica, se adecua bien a la major\u00eda de los suelos. Casi inmune de enfermedades importantes y aguanta bien la poda y los transplantes.<\/p>\n","protected":false},"excerpt":{"rendered":"<p>El porte es fastigiato, m\u00e1s estrecho que C. b. &#8216;Fastigiata&#8217;. Mantiene la hoja seca en invierno. Planta r\u00fastica, se adecua bien a la major\u00eda de los suelos. Casi inmune de enfermedades importantes y aguanta bien la poda y los transplantes.<\/p>\n","protected":false},"featured_media":1395,"template":"","meta":{"_acf_changed":false},"product_brand":[],"product_cat":[8814,9232],"product_tag":[10899,8758,9218,8716,10903,8402],"class_list":{"0":"post-15932","1":"product","2":"type-product","3":"status-publish","4":"has-post-thumbnail","6":"product_cat-arboles-y-arbustos-de-hoja-caduca","7":"product_cat-arboles-y-plantas-del-futuro","8":"product_tag-natural-es","9":"product_tag-espiral","10":"product_tag-parallelepipedo-es-2","11":"product_tag-piramide-es-2","12":"product_tag-recepado","13":"product_tag-tallo-alto","14":"pa_altezza-massima-1000-es-2","15":"pa_altezza-massima-15-metros","16":"pa_condizionamento-clt-es","17":"pa_condizionamento-placa","18":"pa_famiglia-carpinaceae-es-2","19":"pa_genere-carpinus-es","20":"pa_inquinamento-resistente-al-smog","21":"pa_origine-holanda","22":"pa_portamento-conico-es","23":"pa_resistenza-climatica-muy-elevada","24":"pa_resistenza-del-suolo-resistente-a-los-suelos-calcareos","25":"pa_salinita-resistente-alla-salsedine-es","26":"pa_utilizzo-avenidas","27":"pa_utilizzo-parques","29":"first","30":"instock","31":"purchasable","32":"product-type-simple"},"acf":[],"_links":{"self":[{"href":"https:\/\/innocentiemangonipiante.it\/es\/wp-json\/wp\/v2\/product\/15932","targetHints":{"allow":["GET"]}}],"collection":[{"href":"https:\/\/innocentiemangonipiante.it\/es\/wp-json\/wp\/v2\/product"}],"about":[{"href":"https:\/\/innocentiemangonipiante.it\/es\/wp-json\/wp\/v2\/types\/product"}],"wp:featuredmedia":[{"embeddable":true,"href":"https:\/\/innocentiemangonipiante.it\/es\/wp-json\/wp\/v2\/media\/1395"}],"wp:attachment":[{"href":"https:\/\/innocentiemangonipiante.it\/es\/wp-json\/wp\/v2\/media?parent=15932"}],"wp:term":[{"taxonomy":"product_brand","embeddable":true,"href":"https:\/\/innocentiemangonipiante.it\/es\/wp-json\/wp\/v2\/product_brand?post=15932"},{"taxonomy":"product_cat","embeddable":true,"href":"https:\/\/innocentiemangonipiante.it\/es\/wp-json\/wp\/v2\/product_cat?post=15932"},{"taxonomy":"product_tag","embeddable":true,"href":"https:\/\/innocentiemangonipiante.it\/es\/wp-json\/wp\/v2\/product_tag?post=15932"}],"curies":[{"name":"wp","href":"https:\/\/api.w.org\/{rel}","templated":true}]}}