{"id":15934,"date":"2023-11-04T00:01:33","date_gmt":"2023-11-03T23:01:33","guid":{"rendered":"http:\/\/innocentiemangonipiante.it\/carpinus-betulus-fastigiata\/"},"modified":"2023-11-09T09:20:27","modified_gmt":"2023-11-09T08:20:27","slug":"carpinus-betulus-fastigiata","status":"publish","type":"product","link":"https:\/\/innocentiemangonipiante.it\/es\/carpinus-betulus-fastigiata\/","title":{"rendered":"CARPINUS betulus &#8216;Fastigiata&#8217;"},"content":{"rendered":"<p>\u00c1rbol caduco de porte c\u00f3nico y regular. Las hojas, alternadas, de ovoides a el\u00edpticas, de 7 a 10 cm de largo, son de color verde claro en verano y se ponen de un amarillo luminoso en oto\u00f1o. Muy r\u00fastica, es una variedad muy indicada para las avenidas debido a su forma piramidal tan especial.<\/p>\n","protected":false},"excerpt":{"rendered":"<p>\u00c1rbol caduco de porte c\u00f3nico y regular. Las hojas, alternadas, de ovoides a el\u00edpticas, de 7 a 10 cm de largo, son de color verde claro en verano y se ponen de un amarillo luminoso en oto\u00f1o. Muy r\u00fastica, es una variedad muy indicada para las avenidas debido a su forma piramidal tan especial.<\/p>\n","protected":false},"featured_media":1383,"template":"","meta":{"_acf_changed":false},"product_brand":[],"product_cat":[8814,9232],"product_tag":[10899,8758,9218,8716,10903,8402],"class_list":{"0":"post-15934","1":"product","2":"type-product","3":"status-publish","4":"has-post-thumbnail","6":"product_cat-arboles-y-arbustos-de-hoja-caduca","7":"product_cat-arboles-y-plantas-del-futuro","8":"product_tag-natural-es","9":"product_tag-espiral","10":"product_tag-parallelepipedo-es-2","11":"product_tag-piramide-es-2","12":"product_tag-recepado","13":"product_tag-tallo-alto","14":"pa_altezza-massima-15-metros","15":"pa_altezza-massima-20-metros","16":"pa_condizionamento-clt-es","17":"pa_condizionamento-placa","18":"pa_famiglia-carpinaceae-es-2","19":"pa_genere-carpinus-es","20":"pa_inquinamento-resistente-al-smog","21":"pa_origine-sur-de-europa-es","22":"pa_portamento-piramidale-es","23":"pa_resistenza-climatica-muy-elevada","24":"pa_resistenza-del-suolo-resistente-a-los-suelos-calcareos","25":"pa_salinita-resistente-alla-salsedine-es","26":"pa_utilizzo-avenidas","28":"first","29":"instock","30":"purchasable","31":"product-type-simple"},"acf":[],"_links":{"self":[{"href":"https:\/\/innocentiemangonipiante.it\/es\/wp-json\/wp\/v2\/product\/15934","targetHints":{"allow":["GET"]}}],"collection":[{"href":"https:\/\/innocentiemangonipiante.it\/es\/wp-json\/wp\/v2\/product"}],"about":[{"href":"https:\/\/innocentiemangonipiante.it\/es\/wp-json\/wp\/v2\/types\/product"}],"wp:featuredmedia":[{"embeddable":true,"href":"https:\/\/innocentiemangonipiante.it\/es\/wp-json\/wp\/v2\/media\/1383"}],"wp:attachment":[{"href":"https:\/\/innocentiemangonipiante.it\/es\/wp-json\/wp\/v2\/media?parent=15934"}],"wp:term":[{"taxonomy":"product_brand","embeddable":true,"href":"https:\/\/innocentiemangonipiante.it\/es\/wp-json\/wp\/v2\/product_brand?post=15934"},{"taxonomy":"product_cat","embeddable":true,"href":"https:\/\/innocentiemangonipiante.it\/es\/wp-json\/wp\/v2\/product_cat?post=15934"},{"taxonomy":"product_tag","embeddable":true,"href":"https:\/\/innocentiemangonipiante.it\/es\/wp-json\/wp\/v2\/product_tag?post=15934"}],"curies":[{"name":"wp","href":"https:\/\/api.w.org\/{rel}","templated":true}]}}