{"id":15935,"date":"2023-11-04T00:01:21","date_gmt":"2023-11-03T23:01:21","guid":{"rendered":"http:\/\/innocentiemangonipiante.it\/carpinus-betulus-albert-beckman\/"},"modified":"2023-11-09T09:20:18","modified_gmt":"2023-11-09T08:20:18","slug":"carpinus-betulus-albert-beckman","status":"publish","type":"product","link":"https:\/\/innocentiemangonipiante.it\/es\/carpinus-betulus-albert-beckman\/","title":{"rendered":"CARPINUS betulus &#8216;Albert Beckman&#8217;"},"content":{"rendered":"<p>\u00c1rbol caduco de porte pyramidal. Las hojas de color verde oscuro, de 10-12 cm de longitud son cori\u00e1ceas, espesas, onduladas sobre los m\u00e1rgenes y vuelven en amarillo dorado en oto\u00f1o.<\/p>\n","protected":false},"excerpt":{"rendered":"<p>\u00c1rbol caduco de porte pyramidal. Las hojas de color verde oscuro, de 10-12 cm de longitud son cori\u00e1ceas, espesas, onduladas sobre los m\u00e1rgenes y vuelven en amarillo dorado en oto\u00f1o.<\/p>\n","protected":false},"featured_media":1377,"template":"","meta":{"_acf_changed":false},"product_brand":[],"product_cat":[8814],"product_tag":[10899],"class_list":{"0":"post-15935","1":"product","2":"type-product","3":"status-publish","4":"has-post-thumbnail","6":"product_cat-arboles-y-arbustos-de-hoja-caduca","7":"product_tag-natural-es","8":"pa_altezza-massima-1000-es-2","9":"pa_altezza-massima-15-metros","10":"pa_famiglia-carpinaceae-es-2","11":"pa_genere-carpinus-es","12":"pa_inquinamento-resistente-al-smog","13":"pa_origine-europe-es","14":"pa_portamento-piramidale-es","15":"pa_resistenza-climatica-muy-elevada","16":"pa_resistenza-del-suolo-resistente-a-los-suelos-calcareos","17":"pa_salinita-resistente-alla-salsedine-es","18":"pa_utilizzo-parques","20":"first","21":"instock","22":"purchasable","23":"product-type-simple"},"acf":[],"_links":{"self":[{"href":"https:\/\/innocentiemangonipiante.it\/es\/wp-json\/wp\/v2\/product\/15935","targetHints":{"allow":["GET"]}}],"collection":[{"href":"https:\/\/innocentiemangonipiante.it\/es\/wp-json\/wp\/v2\/product"}],"about":[{"href":"https:\/\/innocentiemangonipiante.it\/es\/wp-json\/wp\/v2\/types\/product"}],"wp:featuredmedia":[{"embeddable":true,"href":"https:\/\/innocentiemangonipiante.it\/es\/wp-json\/wp\/v2\/media\/1377"}],"wp:attachment":[{"href":"https:\/\/innocentiemangonipiante.it\/es\/wp-json\/wp\/v2\/media?parent=15935"}],"wp:term":[{"taxonomy":"product_brand","embeddable":true,"href":"https:\/\/innocentiemangonipiante.it\/es\/wp-json\/wp\/v2\/product_brand?post=15935"},{"taxonomy":"product_cat","embeddable":true,"href":"https:\/\/innocentiemangonipiante.it\/es\/wp-json\/wp\/v2\/product_cat?post=15935"},{"taxonomy":"product_tag","embeddable":true,"href":"https:\/\/innocentiemangonipiante.it\/es\/wp-json\/wp\/v2\/product_tag?post=15935"}],"curies":[{"name":"wp","href":"https:\/\/api.w.org\/{rel}","templated":true}]}}