{"id":15941,"date":"2023-11-04T00:03:26","date_gmt":"2023-11-03T23:03:26","guid":{"rendered":"http:\/\/innocentiemangonipiante.it\/catalpa-bungei\/"},"modified":"2023-11-09T09:21:58","modified_gmt":"2023-11-09T08:21:58","slug":"catalpa-bungei","status":"publish","type":"product","link":"https:\/\/innocentiemangonipiante.it\/es\/catalpa-bungei\/","title":{"rendered":"CATALPA bungei"},"content":{"rendered":"<p>\u00c1rbol caduco de crecimiento medio y de porte esf\u00e9rico y compacto. Sujeto muy adaptado para espacios estrechos. Se adapta tambi\u00e9n en ambiente urbano.<\/p>\n","protected":false},"excerpt":{"rendered":"<p>\u00c1rbol caduco de crecimiento medio y de porte esf\u00e9rico y compacto. Sujeto muy adaptado para espacios estrechos. Se adapta tambi\u00e9n en ambiente urbano.<\/p>\n","protected":false},"featured_media":1438,"template":"","meta":{"_acf_changed":false},"product_brand":[],"product_cat":[8814],"product_tag":[10899,8566,8402],"class_list":{"0":"post-15941","1":"product","2":"type-product","3":"status-publish","4":"has-post-thumbnail","6":"product_cat-arboles-y-arbustos-de-hoja-caduca","7":"product_tag-natural-es","8":"product_tag-medio-tallo","9":"product_tag-tallo-alto","10":"pa_altezza-massima-400-es","11":"pa_altezza-massima-600-es","12":"pa_colore-fioritura-rosado","13":"pa_condizionamento-clt-es","14":"pa_condizionamento-placa","15":"pa_famiglia-bignoniaceae-es","16":"pa_genere-catalpa-es","17":"pa_origine-asia-oriental","18":"pa_periodo-fioritura-junio","19":"pa_portamento-arrotondato-es","20":"pa_resistenza-climatica-muy-elevada","21":"pa_resistenza-del-suolo-resistente-a-los-suelos-calcareos","22":"pa_resistenza-del-suolo-resistente-a-los-suelos-secos","23":"pa_utilizzo-avenidas","24":"pa_utilizzo-pequenos-jardines","26":"first","27":"instock","28":"purchasable","29":"product-type-simple"},"acf":[],"_links":{"self":[{"href":"https:\/\/innocentiemangonipiante.it\/es\/wp-json\/wp\/v2\/product\/15941","targetHints":{"allow":["GET"]}}],"collection":[{"href":"https:\/\/innocentiemangonipiante.it\/es\/wp-json\/wp\/v2\/product"}],"about":[{"href":"https:\/\/innocentiemangonipiante.it\/es\/wp-json\/wp\/v2\/types\/product"}],"wp:featuredmedia":[{"embeddable":true,"href":"https:\/\/innocentiemangonipiante.it\/es\/wp-json\/wp\/v2\/media\/1438"}],"wp:attachment":[{"href":"https:\/\/innocentiemangonipiante.it\/es\/wp-json\/wp\/v2\/media?parent=15941"}],"wp:term":[{"taxonomy":"product_brand","embeddable":true,"href":"https:\/\/innocentiemangonipiante.it\/es\/wp-json\/wp\/v2\/product_brand?post=15941"},{"taxonomy":"product_cat","embeddable":true,"href":"https:\/\/innocentiemangonipiante.it\/es\/wp-json\/wp\/v2\/product_cat?post=15941"},{"taxonomy":"product_tag","embeddable":true,"href":"https:\/\/innocentiemangonipiante.it\/es\/wp-json\/wp\/v2\/product_tag?post=15941"}],"curies":[{"name":"wp","href":"https:\/\/api.w.org\/{rel}","templated":true}]}}