{"id":15951,"date":"2023-11-04T00:06:09","date_gmt":"2023-11-03T23:06:09","guid":{"rendered":"http:\/\/innocentiemangonipiante.it\/cedrus-deodara-robusta-glauca\/"},"modified":"2023-11-09T09:23:51","modified_gmt":"2023-11-09T08:23:51","slug":"cedrus-deodara-robusta-glauca","status":"publish","type":"product","link":"https:\/\/innocentiemangonipiante.it\/es\/cedrus-deodara-robusta-glauca\/","title":{"rendered":"CEDRUS deodara &#8216;Robusta Glauca&#8217;"},"content":{"rendered":"<p>Con\u00edfera de porte anchamente c\u00f3nico. Las ramas son r\u00edgidas y erguidas. La corteza es de color gris oscuro. Las agujas son r\u00edgidas, puntiagudas, cuadrilaterales, de color gris claro con reflejos azul-plata. En edad adulta alcanzan 5-7 cm de largo.<\/p>\n","protected":false},"excerpt":{"rendered":"<p>Con\u00edfera de porte anchamente c\u00f3nico. Las ramas son r\u00edgidas y erguidas. La corteza es de color gris oscuro. Las agujas son r\u00edgidas, puntiagudas, cuadrilaterales, de color gris claro con reflejos azul-plata. En edad adulta alcanzan 5-7 cm de largo.<\/p>\n","protected":false},"featured_media":1538,"template":"","meta":{"_acf_changed":false},"product_brand":[],"product_cat":[8826],"product_tag":[10899],"class_list":{"0":"post-15951","1":"product","2":"type-product","3":"status-publish","4":"has-post-thumbnail","6":"product_cat-coniferas","7":"product_tag-natural-es","8":"pa_altezza-massima-20-metros","9":"pa_altezza-massima-30-metros","10":"pa_colore-delle-foglie-grises-es","11":"pa_condizionamento-clt-es","12":"pa_condizionamento-placa","13":"pa_famiglia-pinaceae-es","14":"pa_genere-cedrus-es","15":"pa_origine-italia-es","16":"pa_portamento-piangente-es","17":"pa_resistenza-climatica-muy-elevada","18":"pa_resistenza-del-suolo-resistente-a-la-humedad","19":"pa_resistenza-del-suolo-resistente-a-los-suelos-secos","20":"pa_utilizzo-avenidas","21":"pa_utilizzo-parques","23":"first","24":"instock","25":"purchasable","26":"product-type-simple"},"acf":[],"_links":{"self":[{"href":"https:\/\/innocentiemangonipiante.it\/es\/wp-json\/wp\/v2\/product\/15951","targetHints":{"allow":["GET"]}}],"collection":[{"href":"https:\/\/innocentiemangonipiante.it\/es\/wp-json\/wp\/v2\/product"}],"about":[{"href":"https:\/\/innocentiemangonipiante.it\/es\/wp-json\/wp\/v2\/types\/product"}],"wp:featuredmedia":[{"embeddable":true,"href":"https:\/\/innocentiemangonipiante.it\/es\/wp-json\/wp\/v2\/media\/1538"}],"wp:attachment":[{"href":"https:\/\/innocentiemangonipiante.it\/es\/wp-json\/wp\/v2\/media?parent=15951"}],"wp:term":[{"taxonomy":"product_brand","embeddable":true,"href":"https:\/\/innocentiemangonipiante.it\/es\/wp-json\/wp\/v2\/product_brand?post=15951"},{"taxonomy":"product_cat","embeddable":true,"href":"https:\/\/innocentiemangonipiante.it\/es\/wp-json\/wp\/v2\/product_cat?post=15951"},{"taxonomy":"product_tag","embeddable":true,"href":"https:\/\/innocentiemangonipiante.it\/es\/wp-json\/wp\/v2\/product_tag?post=15951"}],"curies":[{"name":"wp","href":"https:\/\/api.w.org\/{rel}","templated":true}]}}