{"id":15956,"date":"2023-11-04T00:05:30","date_gmt":"2023-11-03T23:05:30","guid":{"rendered":"http:\/\/innocentiemangonipiante.it\/cedrus-deodara-blue-triumph\/"},"modified":"2023-11-09T09:23:24","modified_gmt":"2023-11-09T08:23:24","slug":"cedrus-deodara-blue-triumph","status":"publish","type":"product","link":"https:\/\/innocentiemangonipiante.it\/es\/cedrus-deodara-blue-triumph\/","title":{"rendered":"CEDRUS deodara &#8216;Blue Triumph&#8217;"},"content":{"rendered":"<p>Nuestro obtenimiento. Variedad de injerto producida como mejoramiento del C. deodara. Vegetaci\u00f3n m\u00e1s regular que en la variedad tipo. Las agujas, un poquito m\u00e1s largas, son azul particularmente intenso.<\/p>\n","protected":false},"excerpt":{"rendered":"<p>Nuestro obtenimiento. Variedad de injerto producida como mejoramiento del C. deodara. Vegetaci\u00f3n m\u00e1s regular que en la variedad tipo. Las agujas, un poquito m\u00e1s largas, son azul particularmente intenso.<\/p>\n","protected":false},"featured_media":1513,"template":"","meta":{"_acf_changed":false},"product_brand":[],"product_cat":[8826],"product_tag":[10899],"class_list":{"0":"post-15956","1":"product","2":"type-product","3":"status-publish","4":"has-post-thumbnail","6":"product_cat-coniferas","7":"product_tag-natural-es","8":"pa_altezza-massima-25-metros","9":"pa_altezza-massima-35-metros","10":"pa_colore-delle-foglie-azul","11":"pa_condizionamento-clt-es","12":"pa_famiglia-pinaceae-es","13":"pa_genere-cedrus-es","14":"pa_origine-italia-es","15":"pa_portamento-piramidale-es","16":"pa_resistenza-climatica-media-elevada","17":"pa_resistenza-del-suolo-resistente-a-la-humedad","18":"pa_resistenza-del-suolo-resistente-a-los-suelos-secos","19":"pa_utilizzo-parques","21":"first","22":"instock","23":"purchasable","24":"product-type-simple"},"acf":[],"_links":{"self":[{"href":"https:\/\/innocentiemangonipiante.it\/es\/wp-json\/wp\/v2\/product\/15956","targetHints":{"allow":["GET"]}}],"collection":[{"href":"https:\/\/innocentiemangonipiante.it\/es\/wp-json\/wp\/v2\/product"}],"about":[{"href":"https:\/\/innocentiemangonipiante.it\/es\/wp-json\/wp\/v2\/types\/product"}],"wp:featuredmedia":[{"embeddable":true,"href":"https:\/\/innocentiemangonipiante.it\/es\/wp-json\/wp\/v2\/media\/1513"}],"wp:attachment":[{"href":"https:\/\/innocentiemangonipiante.it\/es\/wp-json\/wp\/v2\/media?parent=15956"}],"wp:term":[{"taxonomy":"product_brand","embeddable":true,"href":"https:\/\/innocentiemangonipiante.it\/es\/wp-json\/wp\/v2\/product_brand?post=15956"},{"taxonomy":"product_cat","embeddable":true,"href":"https:\/\/innocentiemangonipiante.it\/es\/wp-json\/wp\/v2\/product_cat?post=15956"},{"taxonomy":"product_tag","embeddable":true,"href":"https:\/\/innocentiemangonipiante.it\/es\/wp-json\/wp\/v2\/product_tag?post=15956"}],"curies":[{"name":"wp","href":"https:\/\/api.w.org\/{rel}","templated":true}]}}