{"id":15958,"date":"2023-11-04T00:05:15","date_gmt":"2023-11-03T23:05:15","guid":{"rendered":"http:\/\/innocentiemangonipiante.it\/cedrus-deodara\/"},"modified":"2023-11-09T09:23:13","modified_gmt":"2023-11-09T08:23:13","slug":"cedrus-deodara","status":"publish","type":"product","link":"https:\/\/innocentiemangonipiante.it\/es\/cedrus-deodara\/","title":{"rendered":"CEDRUS deodara"},"content":{"rendered":"<p>Con\u00edfera de porte c\u00f3nico a lo ancho y de crecimiento bastante r\u00e1pido. Las extremidades de las ramas laterales son blandas, flexibles y colgantes. Las hojas est\u00e1n constituidas por verticilos de 20-30 agujas de un color que va de verde brillante a glauco, puntiagudas pero menos r\u00edgidas en comparaci\u00f3n con la variedad \u2018Atlantica\u2019. Produce conos femeninos, primero verdes y despu\u00e9s de color marr\u00f3n claro con reflejos glaucos, de 8-12 cm de longitud.<\/p>\n","protected":false},"excerpt":{"rendered":"<p>Con\u00edfera de porte c\u00f3nico a lo ancho y de crecimiento bastante r\u00e1pido. Las extremidades de las ramas laterales son blandas, flexibles y colgantes. Las hojas est\u00e1n constituidas por verticilos de 20-30 agujas de un color que va de verde brillante a glauco, puntiagudas pero menos r\u00edgidas en comparaci\u00f3n con la variedad \u2018Atlantica\u2019. Produce conos femeninos, [&hellip;]<\/p>\n","protected":false},"featured_media":1501,"template":"","meta":{"_acf_changed":false},"product_brand":[],"product_cat":[8826],"product_tag":[10899],"class_list":{"0":"post-15958","1":"product","2":"type-product","3":"status-publish","4":"has-post-thumbnail","6":"product_cat-coniferas","7":"product_tag-natural-es","8":"pa_altezza-massima-30-metros","9":"pa_altezza-massima-40-metros","10":"pa_condizionamento-clt-es","11":"pa_condizionamento-placa","12":"pa_condizionamento-vs-es","13":"pa_famiglia-pinaceae-es","14":"pa_genere-cedrus-es","15":"pa_origine-himalaya-es","16":"pa_portamento-piramidale-es","17":"pa_resistenza-climatica-media-elevada","18":"pa_resistenza-del-suolo-resistente-a-la-humedad","19":"pa_resistenza-del-suolo-resistente-a-los-suelos-secos","20":"pa_utilizzo-parques","22":"first","23":"instock","24":"purchasable","25":"product-type-simple"},"acf":[],"_links":{"self":[{"href":"https:\/\/innocentiemangonipiante.it\/es\/wp-json\/wp\/v2\/product\/15958","targetHints":{"allow":["GET"]}}],"collection":[{"href":"https:\/\/innocentiemangonipiante.it\/es\/wp-json\/wp\/v2\/product"}],"about":[{"href":"https:\/\/innocentiemangonipiante.it\/es\/wp-json\/wp\/v2\/types\/product"}],"wp:featuredmedia":[{"embeddable":true,"href":"https:\/\/innocentiemangonipiante.it\/es\/wp-json\/wp\/v2\/media\/1501"}],"wp:attachment":[{"href":"https:\/\/innocentiemangonipiante.it\/es\/wp-json\/wp\/v2\/media?parent=15958"}],"wp:term":[{"taxonomy":"product_brand","embeddable":true,"href":"https:\/\/innocentiemangonipiante.it\/es\/wp-json\/wp\/v2\/product_brand?post=15958"},{"taxonomy":"product_cat","embeddable":true,"href":"https:\/\/innocentiemangonipiante.it\/es\/wp-json\/wp\/v2\/product_cat?post=15958"},{"taxonomy":"product_tag","embeddable":true,"href":"https:\/\/innocentiemangonipiante.it\/es\/wp-json\/wp\/v2\/product_tag?post=15958"}],"curies":[{"name":"wp","href":"https:\/\/api.w.org\/{rel}","templated":true}]}}