{"id":15961,"date":"2023-11-04T00:04:54","date_gmt":"2023-11-03T23:04:54","guid":{"rendered":"http:\/\/innocentiemangonipiante.it\/cedrus-atlantica-glauca\/"},"modified":"2023-11-09T09:22:58","modified_gmt":"2023-11-09T08:22:58","slug":"cedrus-atlantica-glauca","status":"publish","type":"product","link":"https:\/\/innocentiemangonipiante.it\/es\/cedrus-atlantica-glauca\/","title":{"rendered":"CEDRUS atlantica &#8216;Glauca&#8217;"},"content":{"rendered":"<p>Con\u00edfera grande de porte c\u00f3nico a lo ancho. Las agujas, de un color gris-azul luminoso, son de 2 a 2,5 cm de longitud, dispuestas en espiral en ramas m\u00e1s largas y agrupadas en rositas densas en las ramas m\u00e1s cortas. Produce conos de hasta 10 cm de longitud, primero verdes y luego de color marr\u00f3n-gris.<\/p>\n","protected":false},"excerpt":{"rendered":"<p>Con\u00edfera grande de porte c\u00f3nico a lo ancho. Las agujas, de un color gris-azul luminoso, son de 2 a 2,5 cm de longitud, dispuestas en espiral en ramas m\u00e1s largas y agrupadas en rositas densas en las ramas m\u00e1s cortas. Produce conos de hasta 10 cm de longitud, primero verdes y luego de color marr\u00f3n-gris.<\/p>\n","protected":false},"featured_media":1494,"template":"","meta":{"_acf_changed":false},"product_brand":[],"product_cat":[8826],"product_tag":[10899,8718],"class_list":{"0":"post-15961","1":"product","2":"type-product","3":"status-publish","4":"has-post-thumbnail","6":"product_cat-coniferas","7":"product_tag-natural-es","8":"product_tag-pompons-es","9":"pa_altezza-massima-20-metros","10":"pa_altezza-massima-30-metros","11":"pa_colore-delle-foglie-grises-es","12":"pa_condizionamento-clt-es","13":"pa_condizionamento-placa","14":"pa_condizionamento-vs-es","15":"pa_famiglia-pinaceae-es","16":"pa_genere-cedrus-es","17":"pa_inquinamento-resistente-al-smog","18":"pa_origine-norte-de-africa","19":"pa_portamento-piramidale-es","20":"pa_resistenza-climatica-muy-elevada","21":"pa_resistenza-del-suolo-resistente-a-los-suelos-calcareos","22":"pa_resistenza-del-suolo-resistente-a-los-suelos-pobres","23":"pa_resistenza-del-suolo-resistente-a-los-suelos-secos","24":"pa_utilizzo-parques","26":"first","27":"instock","28":"purchasable","29":"product-type-simple"},"acf":[],"_links":{"self":[{"href":"https:\/\/innocentiemangonipiante.it\/es\/wp-json\/wp\/v2\/product\/15961","targetHints":{"allow":["GET"]}}],"collection":[{"href":"https:\/\/innocentiemangonipiante.it\/es\/wp-json\/wp\/v2\/product"}],"about":[{"href":"https:\/\/innocentiemangonipiante.it\/es\/wp-json\/wp\/v2\/types\/product"}],"wp:featuredmedia":[{"embeddable":true,"href":"https:\/\/innocentiemangonipiante.it\/es\/wp-json\/wp\/v2\/media\/1494"}],"wp:attachment":[{"href":"https:\/\/innocentiemangonipiante.it\/es\/wp-json\/wp\/v2\/media?parent=15961"}],"wp:term":[{"taxonomy":"product_brand","embeddable":true,"href":"https:\/\/innocentiemangonipiante.it\/es\/wp-json\/wp\/v2\/product_brand?post=15961"},{"taxonomy":"product_cat","embeddable":true,"href":"https:\/\/innocentiemangonipiante.it\/es\/wp-json\/wp\/v2\/product_cat?post=15961"},{"taxonomy":"product_tag","embeddable":true,"href":"https:\/\/innocentiemangonipiante.it\/es\/wp-json\/wp\/v2\/product_tag?post=15961"}],"curies":[{"name":"wp","href":"https:\/\/api.w.org\/{rel}","templated":true}]}}