{"id":15965,"date":"2023-11-04T00:06:38","date_gmt":"2023-11-03T23:06:38","guid":{"rendered":"http:\/\/innocentiemangonipiante.it\/celtis-occidentalis\/"},"modified":"2023-11-09T09:24:33","modified_gmt":"2023-11-09T08:24:33","slug":"celtis-occidentalis","status":"publish","type":"product","link":"https:\/\/innocentiemangonipiante.it\/es\/celtis-occidentalis\/","title":{"rendered":"CELTIS occidentalis"},"content":{"rendered":"<p>\u00c1rbol caduco de porte medio &#8211; grande con ramas erectas que forman una copa grande y redonda. Hojas verde claro y amarillo en oto\u00f1o. Produce peque\u00f1as bayas rosadas que viran de rojo-naranja a p\u00farpura en oto\u00f1o. Una vez adulto, se distingue por su corteza gris que deviene rugosa y agrietada.<\/p>\n","protected":false},"excerpt":{"rendered":"<p>\u00c1rbol caduco de porte medio &#8211; grande con ramas erectas que forman una copa grande y redonda. Hojas verde claro y amarillo en oto\u00f1o. Produce peque\u00f1as bayas rosadas que viran de rojo-naranja a p\u00farpura en oto\u00f1o. Una vez adulto, se distingue por su corteza gris que deviene rugosa y agrietada.<\/p>\n","protected":false},"featured_media":1556,"template":"","meta":{"_acf_changed":false},"product_brand":[],"product_cat":[8814],"product_tag":[10899,8402],"class_list":{"0":"post-15965","1":"product","2":"type-product","3":"status-publish","4":"has-post-thumbnail","6":"product_cat-arboles-y-arbustos-de-hoja-caduca","7":"product_tag-natural-es","8":"product_tag-tallo-alto","9":"pa_altezza-massima-1000-es-2","10":"pa_altezza-massima-15-metros","11":"pa_condizionamento-clt-es","12":"pa_condizionamento-placa","13":"pa_famiglia-ulmaceae-es-2","14":"pa_genere-celtis-es","15":"pa_origine-origine-delle-piante-u-s-a-es","16":"pa_portamento-arrotondato-es","17":"pa_resistenza-climatica-muy-elevada","18":"pa_utilizzo-avenidas","20":"first","21":"instock","22":"purchasable","23":"product-type-simple"},"acf":[],"_links":{"self":[{"href":"https:\/\/innocentiemangonipiante.it\/es\/wp-json\/wp\/v2\/product\/15965","targetHints":{"allow":["GET"]}}],"collection":[{"href":"https:\/\/innocentiemangonipiante.it\/es\/wp-json\/wp\/v2\/product"}],"about":[{"href":"https:\/\/innocentiemangonipiante.it\/es\/wp-json\/wp\/v2\/types\/product"}],"wp:featuredmedia":[{"embeddable":true,"href":"https:\/\/innocentiemangonipiante.it\/es\/wp-json\/wp\/v2\/media\/1556"}],"wp:attachment":[{"href":"https:\/\/innocentiemangonipiante.it\/es\/wp-json\/wp\/v2\/media?parent=15965"}],"wp:term":[{"taxonomy":"product_brand","embeddable":true,"href":"https:\/\/innocentiemangonipiante.it\/es\/wp-json\/wp\/v2\/product_brand?post=15965"},{"taxonomy":"product_cat","embeddable":true,"href":"https:\/\/innocentiemangonipiante.it\/es\/wp-json\/wp\/v2\/product_cat?post=15965"},{"taxonomy":"product_tag","embeddable":true,"href":"https:\/\/innocentiemangonipiante.it\/es\/wp-json\/wp\/v2\/product_tag?post=15965"}],"curies":[{"name":"wp","href":"https:\/\/api.w.org\/{rel}","templated":true}]}}