{"id":15966,"date":"2023-11-04T00:06:32","date_gmt":"2023-11-03T23:06:32","guid":{"rendered":"http:\/\/innocentiemangonipiante.it\/celtis-australis\/"},"modified":"2023-11-09T09:24:29","modified_gmt":"2023-11-09T08:24:29","slug":"celtis-australis","status":"publish","type":"product","link":"https:\/\/innocentiemangonipiante.it\/es\/celtis-australis\/","title":{"rendered":"CELTIS australis"},"content":{"rendered":"<p>\u00c1rbol caduco de porte extendido. Las hojas, de ovoides a lanceoladas, \u00e1speras y dentadas, de hasta 15 cm de longitud, son de color verde oscuro en la parte superior y verde m\u00e1s claro debajo. Corteza lisa de color gris claro. Variedad excepcionalmente r\u00fastica, especialmente aconsejada para los terrenos calc\u00e1reos.<\/p>\n","protected":false},"excerpt":{"rendered":"<p>\u00c1rbol caduco de porte extendido. Las hojas, de ovoides a lanceoladas, \u00e1speras y dentadas, de hasta 15 cm de longitud, son de color verde oscuro en la parte superior y verde m\u00e1s claro debajo. Corteza lisa de color gris claro. Variedad excepcionalmente r\u00fastica, especialmente aconsejada para los terrenos calc\u00e1reos.<\/p>\n","protected":false},"featured_media":1550,"template":"","meta":{"_acf_changed":false},"product_brand":[],"product_cat":[8814,9232],"product_tag":[10899,8402],"class_list":{"0":"post-15966","1":"product","2":"type-product","3":"status-publish","4":"has-post-thumbnail","6":"product_cat-arboles-y-arbustos-de-hoja-caduca","7":"product_cat-arboles-y-plantas-del-futuro","8":"product_tag-natural-es","9":"product_tag-tallo-alto","10":"pa_altezza-massima-15-metros","11":"pa_altezza-massima-25-metros","12":"pa_condizionamento-clt-es","13":"pa_condizionamento-placa","14":"pa_famiglia-ulmaceae-es-2","15":"pa_genere-celtis-es","16":"pa_inquinamento-resistente-al-smog","17":"pa_origine-norte-de-africa","18":"pa_portamento-arrotondato-es","19":"pa_resistenza-climatica-muy-elevada","20":"pa_resistenza-del-suolo-resistente-a-los-suelos-calcareos","21":"pa_resistenza-del-suolo-resistente-a-los-suelos-pobres","22":"pa_resistenza-del-suolo-resistente-a-los-suelos-secos","23":"pa_utilizzo-avenidas","25":"first","26":"instock","27":"purchasable","28":"product-type-simple"},"acf":[],"_links":{"self":[{"href":"https:\/\/innocentiemangonipiante.it\/es\/wp-json\/wp\/v2\/product\/15966","targetHints":{"allow":["GET"]}}],"collection":[{"href":"https:\/\/innocentiemangonipiante.it\/es\/wp-json\/wp\/v2\/product"}],"about":[{"href":"https:\/\/innocentiemangonipiante.it\/es\/wp-json\/wp\/v2\/types\/product"}],"wp:featuredmedia":[{"embeddable":true,"href":"https:\/\/innocentiemangonipiante.it\/es\/wp-json\/wp\/v2\/media\/1550"}],"wp:attachment":[{"href":"https:\/\/innocentiemangonipiante.it\/es\/wp-json\/wp\/v2\/media?parent=15966"}],"wp:term":[{"taxonomy":"product_brand","embeddable":true,"href":"https:\/\/innocentiemangonipiante.it\/es\/wp-json\/wp\/v2\/product_brand?post=15966"},{"taxonomy":"product_cat","embeddable":true,"href":"https:\/\/innocentiemangonipiante.it\/es\/wp-json\/wp\/v2\/product_cat?post=15966"},{"taxonomy":"product_tag","embeddable":true,"href":"https:\/\/innocentiemangonipiante.it\/es\/wp-json\/wp\/v2\/product_tag?post=15966"}],"curies":[{"name":"wp","href":"https:\/\/api.w.org\/{rel}","templated":true}]}}