{"id":15968,"date":"2023-11-04T00:07:17","date_gmt":"2023-11-03T23:07:17","guid":{"rendered":"http:\/\/innocentiemangonipiante.it\/ceratonia-siliqua\/"},"modified":"2023-11-09T09:24:57","modified_gmt":"2023-11-09T08:24:57","slug":"ceratonia-siliqua","status":"publish","type":"product","link":"https:\/\/innocentiemangonipiante.it\/es\/ceratonia-siliqua\/","title":{"rendered":"CERATONIA siliqua"},"content":{"rendered":"<p>Grande \u00e1rbol t\u00edpico de climas mediterr\u00e1neos. Las hojas son de color verde oscuro luciente.<\/p>\n","protected":false},"excerpt":{"rendered":"<p>Grande \u00e1rbol t\u00edpico de climas mediterr\u00e1neos. Las hojas son de color verde oscuro luciente.<\/p>\n","protected":false},"featured_media":1573,"template":"","meta":{"_acf_changed":false},"product_brand":[],"product_cat":[8815],"product_tag":[10899,8402],"class_list":{"0":"post-15968","1":"product","2":"type-product","3":"status-publish","4":"has-post-thumbnail","6":"product_cat-arboles-y-arbustos-persistentes","7":"product_tag-natural-es","8":"product_tag-tallo-alto","9":"pa_altezza-massima-800-es","10":"pa_altezza-massima-12-metros","11":"pa_condizionamento-clt-es","12":"pa_condizionamento-vs-es","13":"pa_famiglia-leguminosae-es","14":"pa_genere-ceratonia-es","15":"pa_origine-sur-de-europa-es","16":"pa_portamento-arrotondato-es","17":"pa_resistenza-climatica-media","18":"pa_resistenza-del-suolo-resistente-a-los-suelos-secos","19":"pa_utilizzo-parques","21":"first","22":"instock","23":"purchasable","24":"product-type-simple"},"acf":[],"_links":{"self":[{"href":"https:\/\/innocentiemangonipiante.it\/es\/wp-json\/wp\/v2\/product\/15968","targetHints":{"allow":["GET"]}}],"collection":[{"href":"https:\/\/innocentiemangonipiante.it\/es\/wp-json\/wp\/v2\/product"}],"about":[{"href":"https:\/\/innocentiemangonipiante.it\/es\/wp-json\/wp\/v2\/types\/product"}],"wp:featuredmedia":[{"embeddable":true,"href":"https:\/\/innocentiemangonipiante.it\/es\/wp-json\/wp\/v2\/media\/1573"}],"wp:attachment":[{"href":"https:\/\/innocentiemangonipiante.it\/es\/wp-json\/wp\/v2\/media?parent=15968"}],"wp:term":[{"taxonomy":"product_brand","embeddable":true,"href":"https:\/\/innocentiemangonipiante.it\/es\/wp-json\/wp\/v2\/product_brand?post=15968"},{"taxonomy":"product_cat","embeddable":true,"href":"https:\/\/innocentiemangonipiante.it\/es\/wp-json\/wp\/v2\/product_cat?post=15968"},{"taxonomy":"product_tag","embeddable":true,"href":"https:\/\/innocentiemangonipiante.it\/es\/wp-json\/wp\/v2\/product_tag?post=15968"}],"curies":[{"name":"wp","href":"https:\/\/api.w.org\/{rel}","templated":true}]}}