{"id":15969,"date":"2023-11-04T00:07:31","date_gmt":"2023-11-03T23:07:31","guid":{"rendered":"http:\/\/innocentiemangonipiante.it\/ceratostigma-willmottianum\/"},"modified":"2023-11-09T09:25:05","modified_gmt":"2023-11-09T08:25:05","slug":"ceratostigma-willmottianum","status":"publish","type":"product","link":"https:\/\/innocentiemangonipiante.it\/es\/ceratostigma-willmottianum\/","title":{"rendered":"CERATOSTIGMA willmottianum"},"content":{"rendered":"<p>Arbusto caduco con bonita hojas de color verde medio y m\u00e1rgenes p\u00farpura, que vuelven rojo en oto\u00f1o. Desde verano hasta l\u2019oto\u00f1o trae abundantes cantitades de flores azul intenso.<\/p>\n","protected":false},"excerpt":{"rendered":"<p>Arbusto caduco con bonita hojas de color verde medio y m\u00e1rgenes p\u00farpura, que vuelven rojo en oto\u00f1o. Desde verano hasta l\u2019oto\u00f1o trae abundantes cantitades de flores azul intenso.<\/p>\n","protected":false},"featured_media":1579,"template":"","meta":{"_acf_changed":false},"product_brand":[],"product_cat":[8814],"product_tag":[10899],"class_list":{"0":"post-15969","1":"product","2":"type-product","3":"status-publish","4":"has-post-thumbnail","6":"product_cat-arboles-y-arbustos-de-hoja-caduca","7":"product_tag-natural-es","8":"pa_altezza-massima-0_50-metros","9":"pa_altezza-massima-100-es","10":"pa_colore-delle-foglie-variegadas","11":"pa_colore-fioritura-azul","12":"pa_condizionamento-clt-es","13":"pa_famiglia-plumbaginaceae-es-2","14":"pa_genere-ceratostigma-es","15":"pa_origine-cina","16":"pa_periodo-fioritura-agosto-es","17":"pa_periodo-fioritura-julio","18":"pa_periodo-fioritura-junio","19":"pa_periodo-fioritura-octubre","20":"pa_periodo-fioritura-septiembre","21":"pa_portamento-cespuglioso-es","22":"pa_resistenza-climatica-media-elevada","23":"pa_resistenza-del-suolo-resistente-a-los-suelos-secos","24":"pa_salinita-resistente-alla-salsedine-es","25":"pa_utilizzo-balcones","26":"pa_utilizzo-pequenos-jardines","28":"first","29":"instock","30":"purchasable","31":"product-type-simple"},"acf":[],"_links":{"self":[{"href":"https:\/\/innocentiemangonipiante.it\/es\/wp-json\/wp\/v2\/product\/15969","targetHints":{"allow":["GET"]}}],"collection":[{"href":"https:\/\/innocentiemangonipiante.it\/es\/wp-json\/wp\/v2\/product"}],"about":[{"href":"https:\/\/innocentiemangonipiante.it\/es\/wp-json\/wp\/v2\/types\/product"}],"wp:featuredmedia":[{"embeddable":true,"href":"https:\/\/innocentiemangonipiante.it\/es\/wp-json\/wp\/v2\/media\/1579"}],"wp:attachment":[{"href":"https:\/\/innocentiemangonipiante.it\/es\/wp-json\/wp\/v2\/media?parent=15969"}],"wp:term":[{"taxonomy":"product_brand","embeddable":true,"href":"https:\/\/innocentiemangonipiante.it\/es\/wp-json\/wp\/v2\/product_brand?post=15969"},{"taxonomy":"product_cat","embeddable":true,"href":"https:\/\/innocentiemangonipiante.it\/es\/wp-json\/wp\/v2\/product_cat?post=15969"},{"taxonomy":"product_tag","embeddable":true,"href":"https:\/\/innocentiemangonipiante.it\/es\/wp-json\/wp\/v2\/product_tag?post=15969"}],"curies":[{"name":"wp","href":"https:\/\/api.w.org\/{rel}","templated":true}]}}