{"id":15974,"date":"2023-11-04T00:07:58","date_gmt":"2023-11-03T23:07:58","guid":{"rendered":"http:\/\/innocentiemangonipiante.it\/cercis-canadensis-forest-pansy\/"},"modified":"2023-11-09T09:25:20","modified_gmt":"2023-11-09T08:25:20","slug":"cercis-canadensis-forest-pansy","status":"publish","type":"product","link":"https:\/\/innocentiemangonipiante.it\/es\/cercis-canadensis-forest-pansy\/","title":{"rendered":"CERCIS canadensis &#8216;Forest Pansy&#8217;"},"content":{"rendered":"<p>Peque\u00f1o \u00e1rbol o grande arbusto caduco de porte expandido. Las hojas, acorazonadas, puntiagudas en el \u00e1pice, de hasta 10 cm. de longitud, son de color rojo p\u00farpura oscuro con tendencia al amarillo en oto\u00f1o. Muy decorat\u00edvo como arbusto isolado o en forma de tallo alto para alineaci\u00f3nes de alto effecto.<\/p>\n","protected":false},"excerpt":{"rendered":"<p>Peque\u00f1o \u00e1rbol o grande arbusto caduco de porte expandido. Las hojas, acorazonadas, puntiagudas en el \u00e1pice, de hasta 10 cm. de longitud, son de color rojo p\u00farpura oscuro con tendencia al amarillo en oto\u00f1o. Muy decorat\u00edvo como arbusto isolado o en forma de tallo alto para alineaci\u00f3nes de alto effecto.<\/p>\n","protected":false},"featured_media":1591,"template":"","meta":{"_acf_changed":false},"product_brand":[],"product_cat":[8814],"product_tag":[10899,10903,8402],"class_list":{"0":"post-15974","1":"product","2":"type-product","3":"status-publish","4":"has-post-thumbnail","6":"product_cat-arboles-y-arbustos-de-hoja-caduca","7":"product_tag-natural-es","8":"product_tag-recepado","9":"product_tag-tallo-alto","10":"pa_altezza-massima-500-es","11":"pa_altezza-massima-800-es","12":"pa_colore-delle-foglie-rojas","13":"pa_colore-fioritura-rosado","14":"pa_condizionamento-clt-es","15":"pa_condizionamento-placa","16":"pa_famiglia-leguminosae-es","17":"pa_genere-cercis-es","18":"pa_origine-origine-delle-piante-u-s-a-es","19":"pa_periodo-fioritura-abril","20":"pa_portamento-eretto-es","21":"pa_resistenza-climatica-muy-elevada","22":"pa_resistenza-del-suolo-resistente-a-los-suelos-calcareos","23":"pa_resistenza-del-suolo-resistente-a-los-suelos-secos","24":"pa_utilizzo-pequenos-jardines","26":"first","27":"instock","28":"purchasable","29":"product-type-simple"},"acf":[],"_links":{"self":[{"href":"https:\/\/innocentiemangonipiante.it\/es\/wp-json\/wp\/v2\/product\/15974","targetHints":{"allow":["GET"]}}],"collection":[{"href":"https:\/\/innocentiemangonipiante.it\/es\/wp-json\/wp\/v2\/product"}],"about":[{"href":"https:\/\/innocentiemangonipiante.it\/es\/wp-json\/wp\/v2\/types\/product"}],"wp:featuredmedia":[{"embeddable":true,"href":"https:\/\/innocentiemangonipiante.it\/es\/wp-json\/wp\/v2\/media\/1591"}],"wp:attachment":[{"href":"https:\/\/innocentiemangonipiante.it\/es\/wp-json\/wp\/v2\/media?parent=15974"}],"wp:term":[{"taxonomy":"product_brand","embeddable":true,"href":"https:\/\/innocentiemangonipiante.it\/es\/wp-json\/wp\/v2\/product_brand?post=15974"},{"taxonomy":"product_cat","embeddable":true,"href":"https:\/\/innocentiemangonipiante.it\/es\/wp-json\/wp\/v2\/product_cat?post=15974"},{"taxonomy":"product_tag","embeddable":true,"href":"https:\/\/innocentiemangonipiante.it\/es\/wp-json\/wp\/v2\/product_tag?post=15974"}],"curies":[{"name":"wp","href":"https:\/\/api.w.org\/{rel}","templated":true}]}}