{"id":15975,"date":"2023-11-04T00:09:18","date_gmt":"2023-11-03T23:09:18","guid":{"rendered":"http:\/\/innocentiemangonipiante.it\/cercis-chinensis-avondale\/"},"modified":"2023-11-09T09:26:27","modified_gmt":"2023-11-09T08:26:27","slug":"cercis-chinensis-avondale","status":"publish","type":"product","link":"https:\/\/innocentiemangonipiante.it\/es\/cercis-chinensis-avondale\/","title":{"rendered":"CERCIS chinensis &#8216;Avondale&#8217;"},"content":{"rendered":"<p>Arbusto o peque\u00f1o \u00e1rbol caduco muy interesante por la floraci\u00f3n espectacularmente intensa de color roja p\u00farpura oscuro.<\/p>\n","protected":false},"excerpt":{"rendered":"<p>Arbusto o peque\u00f1o \u00e1rbol caduco muy interesante por la floraci\u00f3n espectacularmente intensa de color roja p\u00farpura oscuro.<\/p>\n","protected":false},"featured_media":1609,"template":"","meta":{"_acf_changed":false},"product_brand":[],"product_cat":[8814,9232],"product_tag":[10899],"class_list":{"0":"post-15975","1":"product","2":"type-product","3":"status-publish","4":"has-post-thumbnail","6":"product_cat-arboles-y-arbustos-de-hoja-caduca","7":"product_cat-arboles-y-plantas-del-futuro","8":"product_tag-natural-es","9":"pa_altezza-massima-400-es","10":"pa_altezza-massima-600-es","11":"pa_colore-fioritura-rosado","12":"pa_condizionamento-clt-es","13":"pa_condizionamento-placa","14":"pa_famiglia-leguminosae-es","15":"pa_genere-cercis-es","16":"pa_origine-nueva-zelanda-es","17":"pa_periodo-fioritura-abril","18":"pa_portamento-arrotondato-es","19":"pa_resistenza-climatica-muy-elevada","20":"pa_resistenza-del-suolo-resistente-a-los-suelos-calcareos","21":"pa_resistenza-del-suolo-resistente-a-los-suelos-secos","22":"pa_utilizzo-parques","23":"pa_utilizzo-pequenos-jardines","25":"first","26":"instock","27":"purchasable","28":"product-type-simple"},"acf":[],"_links":{"self":[{"href":"https:\/\/innocentiemangonipiante.it\/es\/wp-json\/wp\/v2\/product\/15975","targetHints":{"allow":["GET"]}}],"collection":[{"href":"https:\/\/innocentiemangonipiante.it\/es\/wp-json\/wp\/v2\/product"}],"about":[{"href":"https:\/\/innocentiemangonipiante.it\/es\/wp-json\/wp\/v2\/types\/product"}],"wp:featuredmedia":[{"embeddable":true,"href":"https:\/\/innocentiemangonipiante.it\/es\/wp-json\/wp\/v2\/media\/1609"}],"wp:attachment":[{"href":"https:\/\/innocentiemangonipiante.it\/es\/wp-json\/wp\/v2\/media?parent=15975"}],"wp:term":[{"taxonomy":"product_brand","embeddable":true,"href":"https:\/\/innocentiemangonipiante.it\/es\/wp-json\/wp\/v2\/product_brand?post=15975"},{"taxonomy":"product_cat","embeddable":true,"href":"https:\/\/innocentiemangonipiante.it\/es\/wp-json\/wp\/v2\/product_cat?post=15975"},{"taxonomy":"product_tag","embeddable":true,"href":"https:\/\/innocentiemangonipiante.it\/es\/wp-json\/wp\/v2\/product_tag?post=15975"}],"curies":[{"name":"wp","href":"https:\/\/api.w.org\/{rel}","templated":true}]}}