{"id":15986,"date":"2023-11-04T00:12:05","date_gmt":"2023-11-03T23:12:05","guid":{"rendered":"http:\/\/innocentiemangonipiante.it\/chamaecyparis-nootkatensis-pendula\/"},"modified":"2023-11-09T09:28:02","modified_gmt":"2023-11-09T08:28:02","slug":"chamaecyparis-nootkatensis-pendula","status":"publish","type":"product","link":"https:\/\/innocentiemangonipiante.it\/es\/chamaecyparis-nootkatensis-pendula\/","title":{"rendered":"CHAMAECYPARIS nootkatensis &#8216;Pendula&#8217;"},"content":{"rendered":"<p>Con\u00edfera de porte colgante que se levanta sobre un eje central, recto, hasta formar la punta del \u00e1rbol. Ramificaci\u00f3n irregularmente horizontal con ramitas laterales colgantes. Follaje escuamiforme de color verde oscuro. La corteza, verde-gris, se deshoja en escamas al envejecer.<\/p>\n","protected":false},"excerpt":{"rendered":"<p>Con\u00edfera de porte colgante que se levanta sobre un eje central, recto, hasta formar la punta del \u00e1rbol. Ramificaci\u00f3n irregularmente horizontal con ramitas laterales colgantes. Follaje escuamiforme de color verde oscuro. La corteza, verde-gris, se deshoja en escamas al envejecer.<\/p>\n","protected":false},"featured_media":1687,"template":"","meta":{"_acf_changed":false},"product_brand":[],"product_cat":[8826],"product_tag":[10899],"class_list":{"0":"post-15986","1":"product","2":"type-product","3":"status-publish","4":"has-post-thumbnail","6":"product_cat-coniferas","7":"product_tag-natural-es","8":"pa_altezza-massima-20-metros","9":"pa_altezza-massima-30-metros","10":"pa_condizionamento-clt-es","11":"pa_condizionamento-placa","12":"pa_famiglia-cupressaceae-es","13":"pa_genere-chamaecyparis-es","14":"pa_inquinamento-resistente-al-smog","15":"pa_origine-origine-delle-piante-u-s-a-es","16":"pa_portamento-piangente-es","17":"pa_resistenza-climatica-muy-elevada","18":"pa_resistenza-del-suolo-resistente-a-la-humedad","19":"pa_resistenza-del-suolo-resistente-a-los-suelos-calcareos","20":"pa_utilizzo-parques","21":"pa_utilizzo-pequenos-jardines","23":"first","24":"instock","25":"purchasable","26":"product-type-simple"},"acf":[],"_links":{"self":[{"href":"https:\/\/innocentiemangonipiante.it\/es\/wp-json\/wp\/v2\/product\/15986","targetHints":{"allow":["GET"]}}],"collection":[{"href":"https:\/\/innocentiemangonipiante.it\/es\/wp-json\/wp\/v2\/product"}],"about":[{"href":"https:\/\/innocentiemangonipiante.it\/es\/wp-json\/wp\/v2\/types\/product"}],"wp:featuredmedia":[{"embeddable":true,"href":"https:\/\/innocentiemangonipiante.it\/es\/wp-json\/wp\/v2\/media\/1687"}],"wp:attachment":[{"href":"https:\/\/innocentiemangonipiante.it\/es\/wp-json\/wp\/v2\/media?parent=15986"}],"wp:term":[{"taxonomy":"product_brand","embeddable":true,"href":"https:\/\/innocentiemangonipiante.it\/es\/wp-json\/wp\/v2\/product_brand?post=15986"},{"taxonomy":"product_cat","embeddable":true,"href":"https:\/\/innocentiemangonipiante.it\/es\/wp-json\/wp\/v2\/product_cat?post=15986"},{"taxonomy":"product_tag","embeddable":true,"href":"https:\/\/innocentiemangonipiante.it\/es\/wp-json\/wp\/v2\/product_tag?post=15986"}],"curies":[{"name":"wp","href":"https:\/\/api.w.org\/{rel}","templated":true}]}}