{"id":16006,"date":"2023-11-04T00:14:25","date_gmt":"2023-11-03T23:14:25","guid":{"rendered":"http:\/\/innocentiemangonipiante.it\/cinnamomum-camphora\/"},"modified":"2023-11-09T09:29:48","modified_gmt":"2023-11-09T08:29:48","slug":"cinnamomum-camphora","status":"publish","type":"product","link":"https:\/\/innocentiemangonipiante.it\/es\/cinnamomum-camphora\/","title":{"rendered":"CINNAMOMUM camphora"},"content":{"rendered":"<p>\u00c1rbol o arbusto grande, perenne, de porte extendido. Las hojas son ovaladas, con nerviaciones evidentes, bronceadas en la fase juvenil, de color verde a verde oscuro despu\u00e9s, brillantes, de hasta 10 cm de largo. Desde la primavera hasta el verano se forman peque\u00f1as flores amarillas, en forma de copa, agrupadas en ramilletes de 5-7 unidades, a continuaci\u00f3n da unos frutos negros en forma de baya.<\/p>\n","protected":false},"excerpt":{"rendered":"<p>\u00c1rbol o arbusto grande, perenne, de porte extendido. Las hojas son ovaladas, con nerviaciones evidentes, bronceadas en la fase juvenil, de color verde a verde oscuro despu\u00e9s, brillantes, de hasta 10 cm de largo. Desde la primavera hasta el verano se forman peque\u00f1as flores amarillas, en forma de copa, agrupadas en ramilletes de 5-7 unidades, [&hellip;]<\/p>\n","protected":false},"featured_media":1765,"template":"","meta":{"_acf_changed":false},"product_brand":[],"product_cat":[8815,9232],"product_tag":[10899,8500,8402],"class_list":{"0":"post-16006","1":"product","2":"type-product","3":"status-publish","4":"has-post-thumbnail","6":"product_cat-arboles-y-arbustos-persistentes","7":"product_cat-arboles-y-plantas-del-futuro","8":"product_tag-natural-es","9":"product_tag-multitronco-con-copa-sombrilla","10":"product_tag-tallo-alto","11":"pa_altezza-massima-15-metros","12":"pa_altezza-massima-25-metros","13":"pa_colore-fioritura-amarillo","14":"pa_condizionamento-clt-es","15":"pa_condizionamento-vs-es","16":"pa_famiglia-lauraceae-es-2","17":"pa_genere-cinnamomum-es","18":"pa_origine-asia-oriental","19":"pa_periodo-fioritura-abril","20":"pa_periodo-fioritura-julio","21":"pa_periodo-fioritura-junio","22":"pa_periodo-fioritura-mayo","23":"pa_periodo-fruttificazione-septiembre","24":"pa_portamento-arrotondato-es","25":"pa_resistenza-climatica-media","26":"pa_resistenza-del-suolo-resistente-a-los-suelos-secos","27":"pa_utilizzo-parques","29":"first","30":"instock","31":"purchasable","32":"product-type-simple"},"acf":[],"_links":{"self":[{"href":"https:\/\/innocentiemangonipiante.it\/es\/wp-json\/wp\/v2\/product\/16006","targetHints":{"allow":["GET"]}}],"collection":[{"href":"https:\/\/innocentiemangonipiante.it\/es\/wp-json\/wp\/v2\/product"}],"about":[{"href":"https:\/\/innocentiemangonipiante.it\/es\/wp-json\/wp\/v2\/types\/product"}],"wp:featuredmedia":[{"embeddable":true,"href":"https:\/\/innocentiemangonipiante.it\/es\/wp-json\/wp\/v2\/media\/1765"}],"wp:attachment":[{"href":"https:\/\/innocentiemangonipiante.it\/es\/wp-json\/wp\/v2\/media?parent=16006"}],"wp:term":[{"taxonomy":"product_brand","embeddable":true,"href":"https:\/\/innocentiemangonipiante.it\/es\/wp-json\/wp\/v2\/product_brand?post=16006"},{"taxonomy":"product_cat","embeddable":true,"href":"https:\/\/innocentiemangonipiante.it\/es\/wp-json\/wp\/v2\/product_cat?post=16006"},{"taxonomy":"product_tag","embeddable":true,"href":"https:\/\/innocentiemangonipiante.it\/es\/wp-json\/wp\/v2\/product_tag?post=16006"}],"curies":[{"name":"wp","href":"https:\/\/api.w.org\/{rel}","templated":true}]}}