{"id":16007,"date":"2023-11-04T00:14:50","date_gmt":"2023-11-03T23:14:50","guid":{"rendered":"http:\/\/innocentiemangonipiante.it\/cistus-in-varieta\/"},"modified":"2023-11-09T09:30:08","modified_gmt":"2023-11-09T08:30:08","slug":"cistus-in-varieta","status":"publish","type":"product","link":"https:\/\/innocentiemangonipiante.it\/es\/cistus-in-varieta\/","title":{"rendered":"CISTUS in variet\u00e0"},"content":{"rendered":"<p>G\u00e9nero de aproximadamente 20 especies de arbustos sempervirentes con magn\u00edficas flores, normalmente de 5 p\u00e9talos, que se abren al inicio del verano en una variada serie de colores. Adecuados sobre todo para bordes en el pleno rayo del sol.<\/p>\n","protected":false},"excerpt":{"rendered":"<p>G\u00e9nero de aproximadamente 20 especies de arbustos sempervirentes con magn\u00edficas flores, normalmente de 5 p\u00e9talos, que se abren al inicio del verano en una variada serie de colores. Adecuados sobre todo para bordes en el pleno rayo del sol.<\/p>\n","protected":false},"featured_media":1771,"template":"","meta":{"_acf_changed":false},"product_brand":[],"product_cat":[8815],"product_tag":[10899],"class_list":{"0":"post-16007","1":"product","2":"type-product","3":"status-publish","4":"has-post-thumbnail","6":"product_cat-arboles-y-arbustos-persistentes","7":"product_tag-natural-es","8":"pa_altezza-massima-100-es","9":"pa_altezza-massima-150-es","10":"pa_condizionamento-clt-es","11":"pa_famiglia-cistaceae-es","12":"pa_genere-cistus-es","13":"pa_origine-norte-de-africa","14":"pa_portamento-arrotondato-es","15":"pa_profumo-delicato-es","16":"pa_resistenza-climatica-media-elevada","17":"pa_resistenza-del-suolo-resistente-a-los-suelos-calcareos","18":"pa_resistenza-del-suolo-resistente-a-los-suelos-secos","19":"pa_salinita-resistente-alla-salsedine-es","20":"pa_utilizzo-balcones","21":"pa_utilizzo-borduras","22":"pa_utilizzo-pequenos-jardines","24":"first","25":"instock","26":"purchasable","27":"product-type-simple"},"acf":[],"_links":{"self":[{"href":"https:\/\/innocentiemangonipiante.it\/es\/wp-json\/wp\/v2\/product\/16007","targetHints":{"allow":["GET"]}}],"collection":[{"href":"https:\/\/innocentiemangonipiante.it\/es\/wp-json\/wp\/v2\/product"}],"about":[{"href":"https:\/\/innocentiemangonipiante.it\/es\/wp-json\/wp\/v2\/types\/product"}],"wp:featuredmedia":[{"embeddable":true,"href":"https:\/\/innocentiemangonipiante.it\/es\/wp-json\/wp\/v2\/media\/1771"}],"wp:attachment":[{"href":"https:\/\/innocentiemangonipiante.it\/es\/wp-json\/wp\/v2\/media?parent=16007"}],"wp:term":[{"taxonomy":"product_brand","embeddable":true,"href":"https:\/\/innocentiemangonipiante.it\/es\/wp-json\/wp\/v2\/product_brand?post=16007"},{"taxonomy":"product_cat","embeddable":true,"href":"https:\/\/innocentiemangonipiante.it\/es\/wp-json\/wp\/v2\/product_cat?post=16007"},{"taxonomy":"product_tag","embeddable":true,"href":"https:\/\/innocentiemangonipiante.it\/es\/wp-json\/wp\/v2\/product_tag?post=16007"}],"curies":[{"name":"wp","href":"https:\/\/api.w.org\/{rel}","templated":true}]}}