{"id":16023,"date":"2023-11-04T00:27:23","date_gmt":"2023-11-03T23:27:23","guid":{"rendered":"http:\/\/innocentiemangonipiante.it\/cornus-stolonifera-flaviramea\/"},"modified":"2023-11-09T09:39:37","modified_gmt":"2023-11-09T08:39:37","slug":"cornus-stolonifera-flaviramea","status":"publish","type":"product","link":"https:\/\/innocentiemangonipiante.it\/es\/cornus-stolonifera-flaviramea\/","title":{"rendered":"CORNUS stolonifera &#8216;Flaviramea&#8217;"},"content":{"rendered":"<p>Arbusto de hojas verde intenso y porte arqueado y redondo. Tallos muy decorativos amarillo-oro en invierno, tras la ca\u00edda de las hojas. R\u00fastico y poco exigente en suelo y exposici\u00f3n.<\/p>\n","protected":false},"excerpt":{"rendered":"<p>Arbusto de hojas verde intenso y porte arqueado y redondo. Tallos muy decorativos amarillo-oro en invierno, tras la ca\u00edda de las hojas. R\u00fastico y poco exigente en suelo y exposici\u00f3n.<\/p>\n","protected":false},"featured_media":1990,"template":"","meta":{"_acf_changed":false},"product_brand":[],"product_cat":[8814],"product_tag":[10899],"class_list":{"0":"post-16023","1":"product","2":"type-product","3":"status-publish","4":"has-post-thumbnail","6":"product_cat-arboles-y-arbustos-de-hoja-caduca","7":"product_tag-natural-es","8":"pa_altezza-massima-200-es","9":"pa_altezza-massima-400-es","10":"pa_colore-fioritura-blanco","11":"pa_condizionamento-clt-es","12":"pa_famiglia-cornaceae-es","13":"pa_genere-cornus-es","14":"pa_origine-origine-delle-piante-u-s-a-es","15":"pa_periodo-fioritura-abril","16":"pa_periodo-fioritura-mayo","17":"pa_portamento-cespuglioso-es","18":"pa_resistenza-climatica-muy-elevada","19":"pa_utilizzo-parques","20":"pa_utilizzo-pequenos-jardines","22":"first","23":"instock","24":"purchasable","25":"product-type-simple"},"acf":[],"_links":{"self":[{"href":"https:\/\/innocentiemangonipiante.it\/es\/wp-json\/wp\/v2\/product\/16023","targetHints":{"allow":["GET"]}}],"collection":[{"href":"https:\/\/innocentiemangonipiante.it\/es\/wp-json\/wp\/v2\/product"}],"about":[{"href":"https:\/\/innocentiemangonipiante.it\/es\/wp-json\/wp\/v2\/types\/product"}],"wp:featuredmedia":[{"embeddable":true,"href":"https:\/\/innocentiemangonipiante.it\/es\/wp-json\/wp\/v2\/media\/1990"}],"wp:attachment":[{"href":"https:\/\/innocentiemangonipiante.it\/es\/wp-json\/wp\/v2\/media?parent=16023"}],"wp:term":[{"taxonomy":"product_brand","embeddable":true,"href":"https:\/\/innocentiemangonipiante.it\/es\/wp-json\/wp\/v2\/product_brand?post=16023"},{"taxonomy":"product_cat","embeddable":true,"href":"https:\/\/innocentiemangonipiante.it\/es\/wp-json\/wp\/v2\/product_cat?post=16023"},{"taxonomy":"product_tag","embeddable":true,"href":"https:\/\/innocentiemangonipiante.it\/es\/wp-json\/wp\/v2\/product_tag?post=16023"}],"curies":[{"name":"wp","href":"https:\/\/api.w.org\/{rel}","templated":true}]}}