{"id":16027,"date":"2023-11-04T00:27:52","date_gmt":"2023-11-03T23:27:52","guid":{"rendered":"http:\/\/innocentiemangonipiante.it\/cornus-x-ruth-ellen\/"},"modified":"2023-11-09T09:40:26","modified_gmt":"2023-11-09T08:40:26","slug":"cornus-x-ruth-ellen","status":"publish","type":"product","link":"https:\/\/innocentiemangonipiante.it\/es\/cornus-x-ruth-ellen\/","title":{"rendered":"CORNUS x &#8216;Ruth Ellen&#8217;"},"content":{"rendered":"<p>Peque\u00f1o \u00e1rbol caduco con flores blancas y porte alargado. Hojas verde oscuro que viran a rojo p\u00farpura en oto\u00f1o.<\/p>\n","protected":false},"excerpt":{"rendered":"<p>Peque\u00f1o \u00e1rbol caduco con flores blancas y porte alargado. Hojas verde oscuro que viran a rojo p\u00farpura en oto\u00f1o.<\/p>\n","protected":false},"featured_media":2002,"template":"","meta":{"_acf_changed":false},"product_brand":[],"product_cat":[8814],"product_tag":[10899],"class_list":{"0":"post-16027","1":"product","2":"type-product","3":"status-publish","4":"has-post-thumbnail","6":"product_cat-arboles-y-arbustos-de-hoja-caduca","7":"product_tag-natural-es","8":"pa_altezza-massima-300-es","9":"pa_altezza-massima-500-es","10":"pa_colore-fioritura-blanco","11":"pa_condizionamento-clt-es","12":"pa_famiglia-cornaceae-es","13":"pa_genere-cornus-es","14":"pa_inquinamento-resistente-al-smog","15":"pa_origine-origine-delle-piante-u-s-a-es","16":"pa_periodo-fioritura-abril","17":"pa_periodo-fioritura-mayo","18":"pa_portamento-arrotondato-es","19":"pa_resistenza-climatica-muy-elevada","20":"pa_resistenza-del-suolo-resistente-a-la-humedad","21":"pa_utilizzo-parques","22":"pa_utilizzo-pequenos-jardines","24":"first","25":"instock","26":"purchasable","27":"product-type-simple"},"acf":[],"_links":{"self":[{"href":"https:\/\/innocentiemangonipiante.it\/es\/wp-json\/wp\/v2\/product\/16027","targetHints":{"allow":["GET"]}}],"collection":[{"href":"https:\/\/innocentiemangonipiante.it\/es\/wp-json\/wp\/v2\/product"}],"about":[{"href":"https:\/\/innocentiemangonipiante.it\/es\/wp-json\/wp\/v2\/types\/product"}],"wp:featuredmedia":[{"embeddable":true,"href":"https:\/\/innocentiemangonipiante.it\/es\/wp-json\/wp\/v2\/media\/2002"}],"wp:attachment":[{"href":"https:\/\/innocentiemangonipiante.it\/es\/wp-json\/wp\/v2\/media?parent=16027"}],"wp:term":[{"taxonomy":"product_brand","embeddable":true,"href":"https:\/\/innocentiemangonipiante.it\/es\/wp-json\/wp\/v2\/product_brand?post=16027"},{"taxonomy":"product_cat","embeddable":true,"href":"https:\/\/innocentiemangonipiante.it\/es\/wp-json\/wp\/v2\/product_cat?post=16027"},{"taxonomy":"product_tag","embeddable":true,"href":"https:\/\/innocentiemangonipiante.it\/es\/wp-json\/wp\/v2\/product_tag?post=16027"}],"curies":[{"name":"wp","href":"https:\/\/api.w.org\/{rel}","templated":true}]}}