{"id":16036,"date":"2023-11-04T00:23:57","date_gmt":"2023-11-03T23:23:57","guid":{"rendered":"http:\/\/innocentiemangonipiante.it\/cornus-florida-rainbow\/"},"modified":"2023-11-09T09:37:01","modified_gmt":"2023-11-09T08:37:01","slug":"cornus-florida-rainbow","status":"publish","type":"product","link":"https:\/\/innocentiemangonipiante.it\/es\/cornus-florida-rainbow\/","title":{"rendered":"CORNUS florida &#8216;Rainbow&#8217;"},"content":{"rendered":"<p>Las hojas son de color verde oscuro en el centro y con los m\u00e1rgenes de color amarillo vivo externamente. Tiene colores muy bonitos en oto\u00f1o. Flores en br\u00e1cteas blancas al inicio de primavera.<\/p>\n","protected":false},"excerpt":{"rendered":"<p>Las hojas son de color verde oscuro en el centro y con los m\u00e1rgenes de color amarillo vivo externamente. Tiene colores muy bonitos en oto\u00f1o. Flores en br\u00e1cteas blancas al inicio de primavera.<\/p>\n","protected":false},"featured_media":1928,"template":"","meta":{"_acf_changed":false},"product_brand":[],"product_cat":[8814],"product_tag":[10899],"class_list":{"0":"post-16036","1":"product","2":"type-product","3":"status-publish","4":"has-post-thumbnail","6":"product_cat-arboles-y-arbustos-de-hoja-caduca","7":"product_tag-natural-es","8":"pa_altezza-massima-600-es","9":"pa_altezza-massima-900-es","10":"pa_colore-delle-foglie-variegadas","11":"pa_colore-fioritura-blanco","12":"pa_condizionamento-clt-es","13":"pa_famiglia-cornaceae-es","14":"pa_genere-cornus-es","15":"pa_origine-origine-delle-piante-u-s-a-es","16":"pa_periodo-fioritura-abril","17":"pa_periodo-fioritura-mayo","18":"pa_portamento-arrotondato-es","19":"pa_resistenza-climatica-muy-elevada","20":"pa_utilizzo-parques","21":"pa_utilizzo-pequenos-jardines","23":"first","24":"instock","25":"purchasable","26":"product-type-simple"},"acf":[],"_links":{"self":[{"href":"https:\/\/innocentiemangonipiante.it\/es\/wp-json\/wp\/v2\/product\/16036","targetHints":{"allow":["GET"]}}],"collection":[{"href":"https:\/\/innocentiemangonipiante.it\/es\/wp-json\/wp\/v2\/product"}],"about":[{"href":"https:\/\/innocentiemangonipiante.it\/es\/wp-json\/wp\/v2\/types\/product"}],"wp:featuredmedia":[{"embeddable":true,"href":"https:\/\/innocentiemangonipiante.it\/es\/wp-json\/wp\/v2\/media\/1928"}],"wp:attachment":[{"href":"https:\/\/innocentiemangonipiante.it\/es\/wp-json\/wp\/v2\/media?parent=16036"}],"wp:term":[{"taxonomy":"product_brand","embeddable":true,"href":"https:\/\/innocentiemangonipiante.it\/es\/wp-json\/wp\/v2\/product_brand?post=16036"},{"taxonomy":"product_cat","embeddable":true,"href":"https:\/\/innocentiemangonipiante.it\/es\/wp-json\/wp\/v2\/product_cat?post=16036"},{"taxonomy":"product_tag","embeddable":true,"href":"https:\/\/innocentiemangonipiante.it\/es\/wp-json\/wp\/v2\/product_tag?post=16036"}],"curies":[{"name":"wp","href":"https:\/\/api.w.org\/{rel}","templated":true}]}}