{"id":16041,"date":"2023-11-04T00:23:00","date_gmt":"2023-11-03T23:23:00","guid":{"rendered":"http:\/\/innocentiemangonipiante.it\/cornus-florida\/"},"modified":"2023-11-09T09:36:24","modified_gmt":"2023-11-09T08:36:24","slug":"cornus-florida","status":"publish","type":"product","link":"https:\/\/innocentiemangonipiante.it\/es\/cornus-florida\/","title":{"rendered":"CORNUS florida"},"content":{"rendered":"<p>\u00c1rbol o arbusto caduco, con porte de c\u00f3nico a extendido. Las hojas son opuestas, de ovales a ovaladas, de color verde a verde oscuro, de hasta 10-12 cm de largo y se ti\u00f1en de color rojo y p\u00farpura en oto\u00f1o. En mayojunio produce flores de un color que va de blanco verdusco a blanco puro, de 8-9 cm de di\u00e1metro, compuestas por 4 br\u00e1cteas obovadas unidas por una cabezuela central de 0,5-1 cm de ancho. Prefiere terrenos frescos y ligeramente \u00e1cidos. No soporta la caliza.<\/p>\n","protected":false},"excerpt":{"rendered":"<p>\u00c1rbol o arbusto caduco, con porte de c\u00f3nico a extendido. Las hojas son opuestas, de ovales a ovaladas, de color verde a verde oscuro, de hasta 10-12 cm de largo y se ti\u00f1en de color rojo y p\u00farpura en oto\u00f1o. En mayojunio produce flores de un color que va de blanco verdusco a blanco puro, [&hellip;]<\/p>\n","protected":false},"featured_media":1898,"template":"","meta":{"_acf_changed":false},"product_brand":[],"product_cat":[8814],"product_tag":[10899,8566,8402],"class_list":{"0":"post-16041","1":"product","2":"type-product","3":"status-publish","4":"has-post-thumbnail","6":"product_cat-arboles-y-arbustos-de-hoja-caduca","7":"product_tag-natural-es","8":"product_tag-medio-tallo","9":"product_tag-tallo-alto","10":"pa_altezza-massima-600-es","11":"pa_altezza-massima-900-es","12":"pa_colore-fioritura-blanco","13":"pa_condizionamento-clt-es","14":"pa_famiglia-cornaceae-es","15":"pa_genere-cornus-es","16":"pa_inquinamento-resistente-al-smog","17":"pa_origine-origine-delle-piante-u-s-a-es","18":"pa_periodo-fioritura-junio","19":"pa_periodo-fioritura-mayo","20":"pa_portamento-piramidale-es","21":"pa_resistenza-climatica-muy-elevada","22":"pa_utilizzo-parques","24":"first","25":"instock","26":"purchasable","27":"product-type-simple"},"acf":[],"_links":{"self":[{"href":"https:\/\/innocentiemangonipiante.it\/es\/wp-json\/wp\/v2\/product\/16041","targetHints":{"allow":["GET"]}}],"collection":[{"href":"https:\/\/innocentiemangonipiante.it\/es\/wp-json\/wp\/v2\/product"}],"about":[{"href":"https:\/\/innocentiemangonipiante.it\/es\/wp-json\/wp\/v2\/types\/product"}],"wp:featuredmedia":[{"embeddable":true,"href":"https:\/\/innocentiemangonipiante.it\/es\/wp-json\/wp\/v2\/media\/1898"}],"wp:attachment":[{"href":"https:\/\/innocentiemangonipiante.it\/es\/wp-json\/wp\/v2\/media?parent=16041"}],"wp:term":[{"taxonomy":"product_brand","embeddable":true,"href":"https:\/\/innocentiemangonipiante.it\/es\/wp-json\/wp\/v2\/product_brand?post=16041"},{"taxonomy":"product_cat","embeddable":true,"href":"https:\/\/innocentiemangonipiante.it\/es\/wp-json\/wp\/v2\/product_cat?post=16041"},{"taxonomy":"product_tag","embeddable":true,"href":"https:\/\/innocentiemangonipiante.it\/es\/wp-json\/wp\/v2\/product_tag?post=16041"}],"curies":[{"name":"wp","href":"https:\/\/api.w.org\/{rel}","templated":true}]}}