{"id":16044,"date":"2023-11-04T00:22:37","date_gmt":"2023-11-03T23:22:37","guid":{"rendered":"http:\/\/innocentiemangonipiante.it\/cornus-controversa\/"},"modified":"2023-11-09T09:36:07","modified_gmt":"2023-11-09T08:36:07","slug":"cornus-controversa","status":"publish","type":"product","link":"https:\/\/innocentiemangonipiante.it\/es\/cornus-controversa\/","title":{"rendered":"CORNUS controversa"},"content":{"rendered":"<p>\u00c1rbol caduco de porte redondeado. Las ramas expandidas forman palcos dispuestos sobre el tronco central similares a gradas. Las hojas alternadas, el\u00edpticas, largas hasta 15 cm, son l\u00facidas, de color verde oscuro arriba y glaucas debajo. Flores blancas a principios de verano, a continuaci\u00f3n frutos esf\u00e9ricos de color negro-azul.<\/p>\n","protected":false},"excerpt":{"rendered":"<p>\u00c1rbol caduco de porte redondeado. Las ramas expandidas forman palcos dispuestos sobre el tronco central similares a gradas. Las hojas alternadas, el\u00edpticas, largas hasta 15 cm, son l\u00facidas, de color verde oscuro arriba y glaucas debajo. Flores blancas a principios de verano, a continuaci\u00f3n frutos esf\u00e9ricos de color negro-azul.<\/p>\n","protected":false},"featured_media":1886,"template":"","meta":{"_acf_changed":false},"product_brand":[],"product_cat":[8814],"product_tag":[10899,8402],"class_list":{"0":"post-16044","1":"product","2":"type-product","3":"status-publish","4":"has-post-thumbnail","6":"product_cat-arboles-y-arbustos-de-hoja-caduca","7":"product_tag-natural-es","8":"product_tag-tallo-alto","9":"pa_altezza-massima-500-es","10":"pa_altezza-massima-800-es","11":"pa_colore-fioritura-blanco","12":"pa_condizionamento-clt-es","13":"pa_famiglia-cornaceae-es","14":"pa_genere-cornus-es","15":"pa_origine-asia-es","16":"pa_periodo-fioritura-julio","17":"pa_periodo-fioritura-junio","18":"pa_portamento-allargato-es","19":"pa_resistenza-climatica-muy-elevada","20":"pa_utilizzo-parques","22":"first","23":"instock","24":"purchasable","25":"product-type-simple"},"acf":[],"_links":{"self":[{"href":"https:\/\/innocentiemangonipiante.it\/es\/wp-json\/wp\/v2\/product\/16044","targetHints":{"allow":["GET"]}}],"collection":[{"href":"https:\/\/innocentiemangonipiante.it\/es\/wp-json\/wp\/v2\/product"}],"about":[{"href":"https:\/\/innocentiemangonipiante.it\/es\/wp-json\/wp\/v2\/types\/product"}],"wp:featuredmedia":[{"embeddable":true,"href":"https:\/\/innocentiemangonipiante.it\/es\/wp-json\/wp\/v2\/media\/1886"}],"wp:attachment":[{"href":"https:\/\/innocentiemangonipiante.it\/es\/wp-json\/wp\/v2\/media?parent=16044"}],"wp:term":[{"taxonomy":"product_brand","embeddable":true,"href":"https:\/\/innocentiemangonipiante.it\/es\/wp-json\/wp\/v2\/product_brand?post=16044"},{"taxonomy":"product_cat","embeddable":true,"href":"https:\/\/innocentiemangonipiante.it\/es\/wp-json\/wp\/v2\/product_cat?post=16044"},{"taxonomy":"product_tag","embeddable":true,"href":"https:\/\/innocentiemangonipiante.it\/es\/wp-json\/wp\/v2\/product_tag?post=16044"}],"curies":[{"name":"wp","href":"https:\/\/api.w.org\/{rel}","templated":true}]}}