{"id":16050,"date":"2023-11-04T00:29:32","date_gmt":"2023-11-03T23:29:32","guid":{"rendered":"http:\/\/innocentiemangonipiante.it\/corylus-maxima-purpurea\/"},"modified":"2023-11-09T09:41:20","modified_gmt":"2023-11-09T08:41:20","slug":"corylus-maxima-purpurea","status":"publish","type":"product","link":"https:\/\/innocentiemangonipiante.it\/es\/corylus-maxima-purpurea\/","title":{"rendered":"CORYLUS maxima &#8216;Purpurea&#8217;"},"content":{"rendered":"<p>Arbusto caduco de porte erguido. Las hojas, alternas y redondeadas, son de color rojo luminoso inicialmente y de un rojo mucho m\u00e1s oscuro y profundo a continuaci\u00f3n, sobretodo si est\u00e1n expuestas totalmente al sol. Produce amentos purp\u00fareos y frutos con la c\u00e1scara tambi\u00e9n difuminada de p\u00farpura.<\/p>\n","protected":false},"excerpt":{"rendered":"<p>Arbusto caduco de porte erguido. Las hojas, alternas y redondeadas, son de color rojo luminoso inicialmente y de un rojo mucho m\u00e1s oscuro y profundo a continuaci\u00f3n, sobretodo si est\u00e1n expuestas totalmente al sol. Produce amentos purp\u00fareos y frutos con la c\u00e1scara tambi\u00e9n difuminada de p\u00farpura.<\/p>\n","protected":false},"featured_media":2039,"template":"","meta":{"_acf_changed":false},"product_brand":[],"product_cat":[8814],"product_tag":[10899],"class_list":{"0":"post-16050","1":"product","2":"type-product","3":"status-publish","4":"has-post-thumbnail","6":"product_cat-arboles-y-arbustos-de-hoja-caduca","7":"product_tag-natural-es","8":"pa_altezza-massima-300-es","9":"pa_altezza-massima-400-es","10":"pa_colore-fioritura-rojo","11":"pa_condizionamento-clt-es","12":"pa_famiglia-corylaceae-es","13":"pa_genere-corylus-es","14":"pa_origine-europa-mediterranea","15":"pa_periodo-fioritura-diciembre","16":"pa_periodo-fioritura-noviembre","17":"pa_resistenza-climatica-muy-elevada","18":"pa_resistenza-del-suolo-resistente-a-la-humedad","19":"pa_resistenza-del-suolo-resistente-a-los-suelos-calcareos","21":"first","22":"instock","23":"purchasable","24":"product-type-simple"},"acf":[],"_links":{"self":[{"href":"https:\/\/innocentiemangonipiante.it\/es\/wp-json\/wp\/v2\/product\/16050","targetHints":{"allow":["GET"]}}],"collection":[{"href":"https:\/\/innocentiemangonipiante.it\/es\/wp-json\/wp\/v2\/product"}],"about":[{"href":"https:\/\/innocentiemangonipiante.it\/es\/wp-json\/wp\/v2\/types\/product"}],"wp:featuredmedia":[{"embeddable":true,"href":"https:\/\/innocentiemangonipiante.it\/es\/wp-json\/wp\/v2\/media\/2039"}],"wp:attachment":[{"href":"https:\/\/innocentiemangonipiante.it\/es\/wp-json\/wp\/v2\/media?parent=16050"}],"wp:term":[{"taxonomy":"product_brand","embeddable":true,"href":"https:\/\/innocentiemangonipiante.it\/es\/wp-json\/wp\/v2\/product_brand?post=16050"},{"taxonomy":"product_cat","embeddable":true,"href":"https:\/\/innocentiemangonipiante.it\/es\/wp-json\/wp\/v2\/product_cat?post=16050"},{"taxonomy":"product_tag","embeddable":true,"href":"https:\/\/innocentiemangonipiante.it\/es\/wp-json\/wp\/v2\/product_tag?post=16050"}],"curies":[{"name":"wp","href":"https:\/\/api.w.org\/{rel}","templated":true}]}}