{"id":16051,"date":"2023-11-04T00:29:23","date_gmt":"2023-11-03T23:29:23","guid":{"rendered":"http:\/\/innocentiemangonipiante.it\/corylus-colurna\/"},"modified":"2023-11-09T09:41:17","modified_gmt":"2023-11-09T08:41:17","slug":"corylus-colurna","status":"publish","type":"product","link":"https:\/\/innocentiemangonipiante.it\/es\/corylus-colurna\/","title":{"rendered":"CORYLUS colurna"},"content":{"rendered":"<p>\u00c1rbol grande caduco de porte c\u00f3nico y regular. Las hojas, muy ovales, de hasta 12 cm de largo, son de color verde oscuro y cambian a amarillo en oto\u00f1o. A finales del invierno produce amentos amarillos p\u00e9ndulos, de 8 a 10 cm. Corteza muy decorativa, \u00e1spera, regularmente grabada y pulida.<\/p>\n","protected":false},"excerpt":{"rendered":"<p>\u00c1rbol grande caduco de porte c\u00f3nico y regular. Las hojas, muy ovales, de hasta 12 cm de largo, son de color verde oscuro y cambian a amarillo en oto\u00f1o. A finales del invierno produce amentos amarillos p\u00e9ndulos, de 8 a 10 cm. Corteza muy decorativa, \u00e1spera, regularmente grabada y pulida.<\/p>\n","protected":false},"featured_media":2033,"template":"","meta":{"_acf_changed":false},"product_brand":[],"product_cat":[8814,9232],"product_tag":[10899,8402],"class_list":{"0":"post-16051","1":"product","2":"type-product","3":"status-publish","4":"has-post-thumbnail","6":"product_cat-arboles-y-arbustos-de-hoja-caduca","7":"product_cat-arboles-y-plantas-del-futuro","8":"product_tag-natural-es","9":"product_tag-tallo-alto","10":"pa_altezza-massima-15-metros","11":"pa_altezza-massima-20-metros","12":"pa_colore-fioritura-amarillo","13":"pa_condizionamento-clt-es","14":"pa_condizionamento-placa","15":"pa_famiglia-corylaceae-es","16":"pa_genere-corylus-es","17":"pa_inquinamento-resistente-al-smog","18":"pa_origine-europa-mediterranea","19":"pa_periodo-fioritura-noviembre","20":"pa_resistenza-climatica-muy-elevada","21":"pa_resistenza-del-suolo-resistente-a-la-humedad","22":"pa_resistenza-del-suolo-resistente-a-los-suelos-calcareos","23":"pa_resistenza-del-suolo-resistente-a-los-suelos-secos","25":"first","26":"instock","27":"purchasable","28":"product-type-simple"},"acf":[],"_links":{"self":[{"href":"https:\/\/innocentiemangonipiante.it\/es\/wp-json\/wp\/v2\/product\/16051","targetHints":{"allow":["GET"]}}],"collection":[{"href":"https:\/\/innocentiemangonipiante.it\/es\/wp-json\/wp\/v2\/product"}],"about":[{"href":"https:\/\/innocentiemangonipiante.it\/es\/wp-json\/wp\/v2\/types\/product"}],"wp:featuredmedia":[{"embeddable":true,"href":"https:\/\/innocentiemangonipiante.it\/es\/wp-json\/wp\/v2\/media\/2033"}],"wp:attachment":[{"href":"https:\/\/innocentiemangonipiante.it\/es\/wp-json\/wp\/v2\/media?parent=16051"}],"wp:term":[{"taxonomy":"product_brand","embeddable":true,"href":"https:\/\/innocentiemangonipiante.it\/es\/wp-json\/wp\/v2\/product_brand?post=16051"},{"taxonomy":"product_cat","embeddable":true,"href":"https:\/\/innocentiemangonipiante.it\/es\/wp-json\/wp\/v2\/product_cat?post=16051"},{"taxonomy":"product_tag","embeddable":true,"href":"https:\/\/innocentiemangonipiante.it\/es\/wp-json\/wp\/v2\/product_tag?post=16051"}],"curies":[{"name":"wp","href":"https:\/\/api.w.org\/{rel}","templated":true}]}}