{"id":16053,"date":"2023-11-04T00:28:54","date_gmt":"2023-11-03T23:28:54","guid":{"rendered":"http:\/\/innocentiemangonipiante.it\/corylus-avellana-contorta\/"},"modified":"2023-11-09T09:41:01","modified_gmt":"2023-11-09T08:41:01","slug":"corylus-avellana-contorta","status":"publish","type":"product","link":"https:\/\/innocentiemangonipiante.it\/es\/corylus-avellana-contorta\/","title":{"rendered":"CORYLUS avellana &#8216;Contorta&#8217;"},"content":{"rendered":"<p>Arbusto grande caduco de porte inicialmente erguido y m\u00e1s colgante con los a\u00f1os. Las ramas son muy torcidas y onduladas, r\u00edgidas y fr\u00e1giles. Las hojas, un poco redondeadas, son de color verde oscuro y se vuelven amarillo oro en oto\u00f1o. Produce magn\u00edficos amentos colgantes de color amarillo a inicios de primavera.<\/p>\n","protected":false},"excerpt":{"rendered":"<p>Arbusto grande caduco de porte inicialmente erguido y m\u00e1s colgante con los a\u00f1os. Las ramas son muy torcidas y onduladas, r\u00edgidas y fr\u00e1giles. Las hojas, un poco redondeadas, son de color verde oscuro y se vuelven amarillo oro en oto\u00f1o. Produce magn\u00edficos amentos colgantes de color amarillo a inicios de primavera.<\/p>\n","protected":false},"featured_media":2020,"template":"","meta":{"_acf_changed":false},"product_brand":[],"product_cat":[8814],"product_tag":[10899],"class_list":{"0":"post-16053","1":"product","2":"type-product","3":"status-publish","4":"has-post-thumbnail","6":"product_cat-arboles-y-arbustos-de-hoja-caduca","7":"product_tag-natural-es","8":"pa_altezza-massima-400-es","9":"pa_altezza-massima-600-es","10":"pa_colore-fioritura-amarillo","11":"pa_condizionamento-clt-es","12":"pa_famiglia-corylaceae-es","13":"pa_genere-corylus-es","14":"pa_origine-europa-mediterranea","15":"pa_periodo-fioritura-abril","16":"pa_periodo-fioritura-mayo","17":"pa_resistenza-climatica-muy-elevada","18":"pa_resistenza-del-suolo-resistente-a-la-humedad","19":"pa_resistenza-del-suolo-resistente-a-los-suelos-calcareos","21":"first","22":"instock","23":"purchasable","24":"product-type-simple"},"acf":[],"_links":{"self":[{"href":"https:\/\/innocentiemangonipiante.it\/es\/wp-json\/wp\/v2\/product\/16053","targetHints":{"allow":["GET"]}}],"collection":[{"href":"https:\/\/innocentiemangonipiante.it\/es\/wp-json\/wp\/v2\/product"}],"about":[{"href":"https:\/\/innocentiemangonipiante.it\/es\/wp-json\/wp\/v2\/types\/product"}],"wp:featuredmedia":[{"embeddable":true,"href":"https:\/\/innocentiemangonipiante.it\/es\/wp-json\/wp\/v2\/media\/2020"}],"wp:attachment":[{"href":"https:\/\/innocentiemangonipiante.it\/es\/wp-json\/wp\/v2\/media?parent=16053"}],"wp:term":[{"taxonomy":"product_brand","embeddable":true,"href":"https:\/\/innocentiemangonipiante.it\/es\/wp-json\/wp\/v2\/product_brand?post=16053"},{"taxonomy":"product_cat","embeddable":true,"href":"https:\/\/innocentiemangonipiante.it\/es\/wp-json\/wp\/v2\/product_cat?post=16053"},{"taxonomy":"product_tag","embeddable":true,"href":"https:\/\/innocentiemangonipiante.it\/es\/wp-json\/wp\/v2\/product_tag?post=16053"}],"curies":[{"name":"wp","href":"https:\/\/api.w.org\/{rel}","templated":true}]}}