{"id":16058,"date":"2023-11-04T00:30:19","date_gmt":"2023-11-03T23:30:19","guid":{"rendered":"http:\/\/innocentiemangonipiante.it\/cotinus-coggygria-royal-purple\/"},"modified":"2023-11-09T09:41:47","modified_gmt":"2023-11-09T08:41:47","slug":"cotinus-coggygria-royal-purple","status":"publish","type":"product","link":"https:\/\/innocentiemangonipiante.it\/es\/cotinus-coggygria-royal-purple\/","title":{"rendered":"COTINUS coggygria &#8216;Royal Purple&#8217;"},"content":{"rendered":"<p>Arbusto caduco de talla media de porte erguido en edad juvenil, irregularmente extendido a continuaci\u00f3n. Las hojas, alternas, de ovoides a el\u00edpticas, de color rojo oscuro, casi p\u00farpura, miden hasta 7-8 cm y se coloran de amarillo-naranja en oto\u00f1o. En junio-julio, flores de color amarillo-rojizo en panojas terminales de hasta 20 cm de largo.<\/p>\n","protected":false},"excerpt":{"rendered":"<p>Arbusto caduco de talla media de porte erguido en edad juvenil, irregularmente extendido a continuaci\u00f3n. Las hojas, alternas, de ovoides a el\u00edpticas, de color rojo oscuro, casi p\u00farpura, miden hasta 7-8 cm y se coloran de amarillo-naranja en oto\u00f1o. En junio-julio, flores de color amarillo-rojizo en panojas terminales de hasta 20 cm de largo.<\/p>\n","protected":false},"featured_media":2057,"template":"","meta":{"_acf_changed":false},"product_brand":[],"product_cat":[8814],"product_tag":[10899,8737],"class_list":{"0":"post-16058","1":"product","2":"type-product","3":"status-publish","4":"has-post-thumbnail","6":"product_cat-arboles-y-arbustos-de-hoja-caduca","7":"product_tag-natural-es","8":"product_tag-cuarto-de-tallo","9":"pa_altezza-massima-300-es","10":"pa_altezza-massima-400-es","11":"pa_colore-delle-foglie-rojas","12":"pa_colore-fioritura-amarillo","13":"pa_condizionamento-clt-es","14":"pa_condizionamento-vs-es","15":"pa_famiglia-anacardiaceae-es-2","16":"pa_genere-cotinus-es","17":"pa_origine-europe-es","18":"pa_periodo-fioritura-julio","19":"pa_periodo-fioritura-junio","20":"pa_portamento-allargato-es","21":"pa_resistenza-climatica-muy-elevada","22":"pa_resistenza-del-suolo-resistente-a-los-suelos-calcareos","23":"pa_resistenza-del-suolo-resistente-a-los-suelos-secos","24":"pa_utilizzo-parques","25":"pa_utilizzo-pequenos-jardines","27":"first","28":"instock","29":"purchasable","30":"product-type-simple"},"acf":[],"_links":{"self":[{"href":"https:\/\/innocentiemangonipiante.it\/es\/wp-json\/wp\/v2\/product\/16058","targetHints":{"allow":["GET"]}}],"collection":[{"href":"https:\/\/innocentiemangonipiante.it\/es\/wp-json\/wp\/v2\/product"}],"about":[{"href":"https:\/\/innocentiemangonipiante.it\/es\/wp-json\/wp\/v2\/types\/product"}],"wp:featuredmedia":[{"embeddable":true,"href":"https:\/\/innocentiemangonipiante.it\/es\/wp-json\/wp\/v2\/media\/2057"}],"wp:attachment":[{"href":"https:\/\/innocentiemangonipiante.it\/es\/wp-json\/wp\/v2\/media?parent=16058"}],"wp:term":[{"taxonomy":"product_brand","embeddable":true,"href":"https:\/\/innocentiemangonipiante.it\/es\/wp-json\/wp\/v2\/product_brand?post=16058"},{"taxonomy":"product_cat","embeddable":true,"href":"https:\/\/innocentiemangonipiante.it\/es\/wp-json\/wp\/v2\/product_cat?post=16058"},{"taxonomy":"product_tag","embeddable":true,"href":"https:\/\/innocentiemangonipiante.it\/es\/wp-json\/wp\/v2\/product_tag?post=16058"}],"curies":[{"name":"wp","href":"https:\/\/api.w.org\/{rel}","templated":true}]}}