{"id":16063,"date":"2023-11-04T00:31:35","date_gmt":"2023-11-03T23:31:35","guid":{"rendered":"http:\/\/innocentiemangonipiante.it\/crataegus-monogyna-stricta\/"},"modified":"2023-11-09T09:42:51","modified_gmt":"2023-11-09T08:42:51","slug":"crataegus-monogyna-stricta","status":"publish","type":"product","link":"https:\/\/innocentiemangonipiante.it\/es\/crataegus-monogyna-stricta\/","title":{"rendered":"CRATAEGUS monogyna &#8216;Stricta&#8217;"},"content":{"rendered":"<p>\u00c1rbol peque\u00f1o caduco de porte erguido, denso y columnar. Las hojas alternas, de forma ovoide, con 3-5-7 l\u00f3bulos, brillantes, de color verde oscuro, miden hasta 5-6 cm. En mayo-junio brotan flores sencillas, blancas, agrupadas en 6-12 unidades y despu\u00e9s da frutos esf\u00e9ricos, brillantes, de color rojo oscuro.<\/p>\n","protected":false},"excerpt":{"rendered":"<p>\u00c1rbol peque\u00f1o caduco de porte erguido, denso y columnar. Las hojas alternas, de forma ovoide, con 3-5-7 l\u00f3bulos, brillantes, de color verde oscuro, miden hasta 5-6 cm. En mayo-junio brotan flores sencillas, blancas, agrupadas en 6-12 unidades y despu\u00e9s da frutos esf\u00e9ricos, brillantes, de color rojo oscuro.<\/p>\n","protected":false},"featured_media":2106,"template":"","meta":{"_acf_changed":false},"product_brand":[],"product_cat":[8814],"product_tag":[10899,8402],"class_list":{"0":"post-16063","1":"product","2":"type-product","3":"status-publish","4":"has-post-thumbnail","6":"product_cat-arboles-y-arbustos-de-hoja-caduca","7":"product_tag-natural-es","8":"product_tag-tallo-alto","9":"pa_altezza-massima-500-es","10":"pa_altezza-massima-800-es","11":"pa_colore-fioritura-blanco","12":"pa_condizionamento-clt-es","13":"pa_condizionamento-placa","14":"pa_famiglia-rosaceae-es","15":"pa_genere-crataegus-es","16":"pa_origine-europa-mediterranea","17":"pa_periodo-fioritura-junio","18":"pa_periodo-fioritura-mayo","19":"pa_portamento-de-columna-es","20":"pa_profumo-delicato-es","21":"pa_resistenza-climatica-muy-elevada","22":"pa_resistenza-del-suolo-resistente-a-los-suelos-calcareos","23":"pa_resistenza-del-suolo-resistente-a-los-suelos-pobres","24":"pa_utilizzo-parques","25":"pa_utilizzo-pequenos-jardines","27":"first","28":"instock","29":"purchasable","30":"product-type-simple"},"acf":[],"_links":{"self":[{"href":"https:\/\/innocentiemangonipiante.it\/es\/wp-json\/wp\/v2\/product\/16063","targetHints":{"allow":["GET"]}}],"collection":[{"href":"https:\/\/innocentiemangonipiante.it\/es\/wp-json\/wp\/v2\/product"}],"about":[{"href":"https:\/\/innocentiemangonipiante.it\/es\/wp-json\/wp\/v2\/types\/product"}],"wp:featuredmedia":[{"embeddable":true,"href":"https:\/\/innocentiemangonipiante.it\/es\/wp-json\/wp\/v2\/media\/2106"}],"wp:attachment":[{"href":"https:\/\/innocentiemangonipiante.it\/es\/wp-json\/wp\/v2\/media?parent=16063"}],"wp:term":[{"taxonomy":"product_brand","embeddable":true,"href":"https:\/\/innocentiemangonipiante.it\/es\/wp-json\/wp\/v2\/product_brand?post=16063"},{"taxonomy":"product_cat","embeddable":true,"href":"https:\/\/innocentiemangonipiante.it\/es\/wp-json\/wp\/v2\/product_cat?post=16063"},{"taxonomy":"product_tag","embeddable":true,"href":"https:\/\/innocentiemangonipiante.it\/es\/wp-json\/wp\/v2\/product_tag?post=16063"}],"curies":[{"name":"wp","href":"https:\/\/api.w.org\/{rel}","templated":true}]}}