{"id":16065,"date":"2023-11-04T00:31:21","date_gmt":"2023-11-03T23:31:21","guid":{"rendered":"http:\/\/innocentiemangonipiante.it\/crataegus-laevigata-pauls-scarlet\/"},"modified":"2023-11-09T09:42:42","modified_gmt":"2023-11-09T08:42:42","slug":"crataegus-laevigata-pauls-scarlet","status":"publish","type":"product","link":"https:\/\/innocentiemangonipiante.it\/es\/crataegus-laevigata-pauls-scarlet\/","title":{"rendered":"CRATAEGUS laevigata&#8217; Paul&#8217;s Scarlet&#8217;"},"content":{"rendered":"<p>\u00c1rbol peque\u00f1o caduco de porte redondeado. Hojas alternas, de 3-5 l\u00f3bulos, ligeramente ovoides, de color verde oscuro y verde claro en el env\u00e9s. De mayo a junio produce muchas flores dobles de color rosa oscuro-rojo encendido. Muy r\u00fastico tambi\u00e9n con grande fr\u00edo. Suporta bien muchos tipos de suelos. Adaptado a aceras o alineaci\u00f3nes.<\/p>\n","protected":false},"excerpt":{"rendered":"<p>\u00c1rbol peque\u00f1o caduco de porte redondeado. Hojas alternas, de 3-5 l\u00f3bulos, ligeramente ovoides, de color verde oscuro y verde claro en el env\u00e9s. De mayo a junio produce muchas flores dobles de color rosa oscuro-rojo encendido. Muy r\u00fastico tambi\u00e9n con grande fr\u00edo. Suporta bien muchos tipos de suelos. Adaptado a aceras o alineaci\u00f3nes.<\/p>\n","protected":false},"featured_media":2094,"template":"","meta":{"_acf_changed":false},"product_brand":[],"product_cat":[8814],"product_tag":[10899,8598,8402],"class_list":{"0":"post-16065","1":"product","2":"type-product","3":"status-publish","4":"has-post-thumbnail","6":"product_cat-arboles-y-arbustos-de-hoja-caduca","7":"product_tag-natural-es","8":"product_tag-multitronco-es-2","9":"product_tag-tallo-alto","10":"pa_altezza-massima-400-es","11":"pa_altezza-massima-600-es","12":"pa_colore-fioritura-rosado","13":"pa_condizionamento-clt-es","14":"pa_condizionamento-placa","15":"pa_famiglia-rosaceae-es","16":"pa_genere-crataegus-es","17":"pa_origine-inglaterra","18":"pa_periodo-fioritura-junio","19":"pa_periodo-fioritura-mayo","20":"pa_portamento-arrotondato-es","21":"pa_resistenza-climatica-muy-elevada","22":"pa_resistenza-del-suolo-resistente-a-los-suelos-calcareos","23":"pa_resistenza-del-suolo-resistente-a-los-suelos-pobres","24":"pa_utilizzo-parques","25":"pa_utilizzo-pequenos-jardines","27":"first","28":"instock","29":"purchasable","30":"product-type-simple"},"acf":[],"_links":{"self":[{"href":"https:\/\/innocentiemangonipiante.it\/es\/wp-json\/wp\/v2\/product\/16065","targetHints":{"allow":["GET"]}}],"collection":[{"href":"https:\/\/innocentiemangonipiante.it\/es\/wp-json\/wp\/v2\/product"}],"about":[{"href":"https:\/\/innocentiemangonipiante.it\/es\/wp-json\/wp\/v2\/types\/product"}],"wp:featuredmedia":[{"embeddable":true,"href":"https:\/\/innocentiemangonipiante.it\/es\/wp-json\/wp\/v2\/media\/2094"}],"wp:attachment":[{"href":"https:\/\/innocentiemangonipiante.it\/es\/wp-json\/wp\/v2\/media?parent=16065"}],"wp:term":[{"taxonomy":"product_brand","embeddable":true,"href":"https:\/\/innocentiemangonipiante.it\/es\/wp-json\/wp\/v2\/product_brand?post=16065"},{"taxonomy":"product_cat","embeddable":true,"href":"https:\/\/innocentiemangonipiante.it\/es\/wp-json\/wp\/v2\/product_cat?post=16065"},{"taxonomy":"product_tag","embeddable":true,"href":"https:\/\/innocentiemangonipiante.it\/es\/wp-json\/wp\/v2\/product_tag?post=16065"}],"curies":[{"name":"wp","href":"https:\/\/api.w.org\/{rel}","templated":true}]}}