{"id":16066,"date":"2023-11-04T00:31:50","date_gmt":"2023-11-03T23:31:50","guid":{"rendered":"http:\/\/innocentiemangonipiante.it\/crataegus-x-lavallei-carrierei\/"},"modified":"2023-11-09T09:42:57","modified_gmt":"2023-11-09T08:42:57","slug":"crataegus-x-lavallei-carrierei","status":"publish","type":"product","link":"https:\/\/innocentiemangonipiante.it\/es\/crataegus-x-lavallei-carrierei\/","title":{"rendered":"CRATAEGUS x lavallei &#8216;Carrierei&#8217;"},"content":{"rendered":"<p>Peque\u00f1o \u00e1rbol caduco de porte extendido. Las hojas son alternas, el\u00edpticas, alargadas, de color verde oscuro y miden de 8 a 15 cm. En mayo brotan flores blancas de hasta 2 cm de ancho, dispuestas en panojas, a continuaci\u00f3n da frutos de color rojo-naranja en forma de baya. Muy rustico, se adapta bien a zonas dif\u00edciles como arbusto otra vez como \u00e1rbol de acera o terraza.<\/p>\n","protected":false},"excerpt":{"rendered":"<p>Peque\u00f1o \u00e1rbol caduco de porte extendido. Las hojas son alternas, el\u00edpticas, alargadas, de color verde oscuro y miden de 8 a 15 cm. En mayo brotan flores blancas de hasta 2 cm de ancho, dispuestas en panojas, a continuaci\u00f3n da frutos de color rojo-naranja en forma de baya. Muy rustico, se adapta bien a zonas [&hellip;]<\/p>\n","protected":false},"featured_media":2113,"template":"","meta":{"_acf_changed":false},"product_brand":[],"product_cat":[8814],"product_tag":[10899,8402],"class_list":{"0":"post-16066","1":"product","2":"type-product","3":"status-publish","4":"has-post-thumbnail","6":"product_cat-arboles-y-arbustos-de-hoja-caduca","7":"product_tag-natural-es","8":"product_tag-tallo-alto","9":"pa_altezza-massima-500-es","10":"pa_altezza-massima-800-es","11":"pa_colore-fioritura-blanco","12":"pa_condizionamento-clt-es","13":"pa_condizionamento-placa","14":"pa_famiglia-rosaceae-es","15":"pa_genere-crataegus-es","16":"pa_inquinamento-resistente-al-smog","17":"pa_origine-francia","18":"pa_periodo-fioritura-mayo","19":"pa_portamento-allargato-es","20":"pa_profumo-intenso-es","21":"pa_resistenza-climatica-muy-elevada","22":"pa_resistenza-del-suolo-resistente-a-los-suelos-calcareos","23":"pa_resistenza-del-suolo-resistente-a-los-suelos-pobres","24":"pa_utilizzo-avenidas","25":"pa_utilizzo-parques","26":"pa_utilizzo-pequenos-jardines","28":"first","29":"instock","30":"purchasable","31":"product-type-simple"},"acf":[],"_links":{"self":[{"href":"https:\/\/innocentiemangonipiante.it\/es\/wp-json\/wp\/v2\/product\/16066","targetHints":{"allow":["GET"]}}],"collection":[{"href":"https:\/\/innocentiemangonipiante.it\/es\/wp-json\/wp\/v2\/product"}],"about":[{"href":"https:\/\/innocentiemangonipiante.it\/es\/wp-json\/wp\/v2\/types\/product"}],"wp:featuredmedia":[{"embeddable":true,"href":"https:\/\/innocentiemangonipiante.it\/es\/wp-json\/wp\/v2\/media\/2113"}],"wp:attachment":[{"href":"https:\/\/innocentiemangonipiante.it\/es\/wp-json\/wp\/v2\/media?parent=16066"}],"wp:term":[{"taxonomy":"product_brand","embeddable":true,"href":"https:\/\/innocentiemangonipiante.it\/es\/wp-json\/wp\/v2\/product_brand?post=16066"},{"taxonomy":"product_cat","embeddable":true,"href":"https:\/\/innocentiemangonipiante.it\/es\/wp-json\/wp\/v2\/product_cat?post=16066"},{"taxonomy":"product_tag","embeddable":true,"href":"https:\/\/innocentiemangonipiante.it\/es\/wp-json\/wp\/v2\/product_tag?post=16066"}],"curies":[{"name":"wp","href":"https:\/\/api.w.org\/{rel}","templated":true}]}}